{"id":76,"date":"2012-09-05T22:40:33","date_gmt":"2012-09-05T20:40:33","guid":{"rendered":"http:\/\/freie-schule-pankow.de\/?page_id=76"},"modified":"2026-03-11T16:52:39","modified_gmt":"2026-03-11T14:52:39","slug":"ausfluge-co","status":"publish","type":"page","link":"https:\/\/www.freie-schule-pankow.de\/gb\/aktivitaten\/ausfluge-co\/","title":{"rendered":"Ausfl\u00fcge &#038; Co."},"content":{"rendered":"<div align=\"justify\"><a href=\"\/wp-content\/uploads\/naturkundemuseum.jpeg\"><img loading=\"lazy\" decoding=\"async\" class=\"alignright size-medium wp-image-226\" title=\"naturkundemuseum\" src=\"\/wp-content\/uploads\/naturkundemuseum-234x300.jpeg\" alt=\"\" width=\"234\" height=\"300\" srcset=\"https:\/\/www.freie-schule-pankow.de\/wp-content\/uploads\/naturkundemuseum-234x300.jpeg 234w, https:\/\/www.freie-schule-pankow.de\/wp-content\/uploads\/naturkundemuseum.jpeg 511w\" sizes=\"auto, (max-width: 234px) 100vw, 234px\" \/><\/a>Ausfl\u00fcge geh\u00f6ren nat\u00fcrlich auch zu unseren regelm\u00e4\u00dfigen Aktivit\u00e4ten! Im Rahmen unserer <strong>Thementage<\/strong> gibt es viel zu entdecken. Wir nutzen viele <strong>Angebote in der Stadt<\/strong>, zum Beispiel die <strong>Kinderunis<\/strong> der Berliner Universit\u00e4ten, <strong>Museumsf\u00fchrungen<\/strong> oder <strong>Theaterangebote<\/strong> f\u00fcr Kinder und Jugendliche. Aber auch <strong>Austausch und Vernetzung<\/strong> mit anderen ist uns wichtig. So treffen wir uns zum Beispiel manchmal mit Kindern aus anderen Freien Schulen zu gemeinsamen <strong>Fu\u00dfballturnieren<\/strong>.<\/p>\n<p>Unsere <strong>j\u00e4hrliche Schulfahrt<\/strong> ist nat\u00fcrlich einer unserer weiteren regelm\u00e4\u00dfigen H\u00f6hepunkte, ebenso wie unsere <strong>gemeinsamen Feste \u00fcbers Jahr hinweg<\/strong>.<\/p>\n<p><a href=\"\/wp-content\/uploads\/BunterTag_Zoo_011.jpg\"><img loading=\"lazy\" decoding=\"async\" class=\"alignleft size-thumbnail wp-image-497\" title=\"BunterTag_Zoo_01\" src=\"\/wp-content\/uploads\/BunterTag_Zoo_011-290x290.jpg\" alt=\"\" width=\"290\" height=\"290\" \/><\/a><\/p>\n<p>&nbsp;<\/p>\n<p><a href=\"\/wp-content\/uploads\/BunterTag_Zoo_021.jpg\"><img loading=\"lazy\" decoding=\"async\" class=\"alignright size-thumbnail wp-image-498\" title=\"BunterTag_Zoo_02\" src=\"\/wp-content\/uploads\/BunterTag_Zoo_021-290x290.jpg\" alt=\"\" width=\"290\" height=\"290\" \/><\/a><\/p>\n<p>&nbsp;<\/p>\n<p>&nbsp;<\/p>\n<\/div>\n","protected":false},"excerpt":{"rendered":"<p>Ausfl\u00fcge geh\u00f6ren nat\u00fcrlich auch zu unseren regelm\u00e4\u00dfigen Aktivit\u00e4ten! Im Rahmen unserer Thementage gibt es viel zu entdecken. Wir nutzen viele Angebote in der Stadt, zum Beispiel die Kinderunis der Berliner Universit\u00e4ten, Museumsf\u00fchrungen oder Theaterangebote f\u00fcr Kinder und Jugendliche. Aber auch Austausch und Vernetzung mit anderen<\/p>\n","protected":false},"author":1,"featured_media":0,"parent":29,"menu_order":0,"comment_status":"closed","ping_status":"open","template":"","meta":{"footnotes":""},"class_list":["post-76","page","type-page","status-publish","hentry"],"translation":{"provider":"WPGlobus","version":"3.0.2","language":"gb","enabled_languages":["de","gb","es","fr"],"languages":{"de":{"title":true,"content":true,"excerpt":false},"gb":{"title":false,"content":false,"excerpt":false},"es":{"title":false,"content":false,"excerpt":false},"fr":{"title":false,"content":false,"excerpt":false}}},"_links":{"self":[{"href":"https:\/\/www.freie-schule-pankow.de\/gb\/wp-json\/wp\/v2\/pages\/76","targetHints":{"allow":["GET"]}}],"collection":[{"href":"https:\/\/www.freie-schule-pankow.de\/gb\/wp-json\/wp\/v2\/pages"}],"about":[{"href":"https:\/\/www.freie-schule-pankow.de\/gb\/wp-json\/wp\/v2\/types\/page"}],"author":[{"embeddable":true,"href":"https:\/\/www.freie-schule-pankow.de\/gb\/wp-json\/wp\/v2\/users\/1"}],"replies":[{"embeddable":true,"href":"https:\/\/www.freie-schule-pankow.de\/gb\/wp-json\/wp\/v2\/comments?post=76"}],"version-history":[{"count":17,"href":"https:\/\/www.freie-schule-pankow.de\/gb\/wp-json\/wp\/v2\/pages\/76\/revisions"}],"predecessor-version":[{"id":2035,"href":"https:\/\/www.freie-schule-pankow.de\/gb\/wp-json\/wp\/v2\/pages\/76\/revisions\/2035"}],"up":[{"embeddable":true,"href":"https:\/\/www.freie-schule-pankow.de\/gb\/wp-json\/wp\/v2\/pages\/29"}],"wp:attachment":[{"href":"https:\/\/www.freie-schule-pankow.de\/gb\/wp-json\/wp\/v2\/media?parent=76"}],"curies":[{"name":"wp","href":"https:\/\/api.w.org\/{rel}","templated":true}]}}