{"id":21,"date":"2012-09-05T13:41:12","date_gmt":"2012-09-05T11:41:12","guid":{"rendered":"http:\/\/freie-schule-pankow.de\/?page_id=21"},"modified":"2026-03-11T16:52:49","modified_gmt":"2026-03-11T14:52:49","slug":"schulalltag","status":"publish","type":"page","link":"https:\/\/www.freie-schule-pankow.de\/gb\/schulalltag\/","title":{"rendered":"Schulalltag"},"content":{"rendered":"<div align=\"justify\">\n<p align=\"justify\">\n<h5>Kern\u00f6ffnungszeiten<\/h5>\n<\/p>\n<p align=\"justify\">Die Freie Schule Pankow bietet <strong>Ganztagsbetreuung <\/strong>an: Wir \u00f6ffnen die Schule morgens um 8.30 Uhr und kommen in aller Ruhe bis 9.00 Uhr an. Der Schulalltag endet in der Regel um 16 Uhr, am Donnerstag schon um 15.00 Uhr. <\/p>\n<p><a href=\"http:\/\/freie-schule-pankow.de\/wp-content\/uploads\/Alltag_Kinder_FreieSchule_Spielen_Lernen.jpg\"><img loading=\"lazy\" decoding=\"async\" class=\"alignright size-medium wp-image-506\" title=\"Alltag_Kinder_FreieSchule_Spielen_Lernen\" src=\"http:\/\/freie-schule-pankow.de\/wp-content\/uploads\/Alltag_Kinder_FreieSchule_Spielen_Lernen-300x273.jpg\" alt=\"\" width=\"300\" height=\"273\" srcset=\"https:\/\/www.freie-schule-pankow.de\/wp-content\/uploads\/Alltag_Kinder_FreieSchule_Spielen_Lernen-300x273.jpg 300w, https:\/\/www.freie-schule-pankow.de\/wp-content\/uploads\/Alltag_Kinder_FreieSchule_Spielen_Lernen.jpg 650w\" sizes=\"auto, (max-width: 300px) 100vw, 300px\" \/><\/a><\/p>\n<h5>Tagesablauf<\/h5>\n<\/p>\n<p align=\"justify\">An vier Tagen in der Woche finden wir uns in den <a title=\"Lernr\u00e4ume an der FSP\" href=\"http:\/\/freie-schule-pankow.de\/?page_id=157\">Lernr\u00e4umen<\/a> um 9.00 Uhr zum <strong>Morgenkreis<\/strong> zusammen, um alle f\u00fcr uns im Moment wichtigen Dinge zu besprechen. Die Kreisleitung liegt stets in den H\u00e4nden von Sch\u00fclern und Sch\u00fclerinnen. In den Morgenkreisen werden Neuigkeiten, Absprachen \u00fcber Organisatorisches, Befindlichkeiten, W\u00fcnsche und die gemeinsamen Vorhaben mit der Lerngruppe (z. B. Exkursionen, Ausfl\u00fcge, Vortr\u00e4ge) besprochen.<\/p>\n<p align=\"justify\">Vormittags haben an diesen vier Tagen alle Sch\u00fclerinnen und Sch\u00fcler die M\u00f6glichkeit, an verschiedenen <strong>Lerngruppen und Kursen<\/strong> teilzunehmen oder sich mit <strong>Freiarbeit<\/strong> oder anderem zu besch\u00e4ftigen.<\/p>\n<p align=\"justify\">Um 12.30 Uhr wird im Essenraum und der gro\u00dfen K\u00fcche das angelieferte <strong>Mittagessen<\/strong> ausgegeben und von Sch\u00fclerInnen und Team gemeinsam eingenommen.<\/p>\n<p align=\"justify\">Mittwochs beginnt der Tag mit der <strong>Schulversammlung<\/strong>. Hier werden Themen besprochen, die f\u00fcr die ganze Schule von Interesse sind und die Schulregeln beschlossen. Die Schulversammlung ist das wichtigste gemeinsame Gremium von Schulkindern und Team. Hier werden unter der Devise <strong>&#8220;Eine Person &#8211; eine Stimme&#8221; <\/strong>nach dem Mehrheitsprinzip bindende Beschl\u00fcsse gefasst. Diese Beschl\u00fcsse k\u00f6nnen z.B. die \u00c4nderung von Schulregeln betreffen, die Durchf\u00fchrung von Werkst\u00e4tten oder Projekten, die Planung besonderer Aktivit\u00e4ten usw.<\/p>\n<p align=\"justify\">Nach der Schulversammlung finden jeden Mittwoch vormittags <a title=\"Werkst\u00e4tten und Projektwochen\" href=\"http:\/\/freie-schule-pankow.de\/?page_id=163\">Werkst\u00e4tten und Projektwochen<\/a> statt. Hier finden sich immer f\u00fcr einen Zeitraum von etwa zwei bis drei Monaten Gruppen von Kindern und Erwachsenen zusammen, um selbst gew\u00e4hlte Themen oder Projekte gemeinsam zu bearbeiten. Diese Werkst\u00e4tten sind oft auch mit <strong>Exkursionen<\/strong> oder <strong>Aktivit\u00e4ten au\u00dferhalb der Schule<\/strong> verbunden.<\/p>\n<p align=\"justify\">Nachmittags gibt es t\u00e4glich verschiedene Angebote, die die Sch\u00fclerinnen und Sch\u00fcler wahrnehmen k\u00f6nnen \u2013 oder sie besch\u00e4ftigen sich selbst, wobei immer erwachsene Personen f\u00fcr Fragen oder Unterst\u00fctzung zur Verf\u00fcgung stehen.<\/p>\n<p align=\"justify\">Zum Ende des Tages ist das gemeinsame Aufr\u00e4umen um 15.45 Uhr verpflichtend f\u00fcr alle. Die Kinder bilden<strong> Aufr\u00e4umdienste<\/strong>, die f\u00fcr einen bestimmten Bereich verantwortlich sind.<\/p>\n<h5>Teamsitzung<\/h5>\n<p align=\"justify\">Donnerstags endet der Schultag schon um 15 Uhr. Danach findet die <strong>Teamsitzung<\/strong> statt, die daf\u00fcr sorgt, dass unsere Schule gut funktioniert und sich immer weiter entwickelt.<\/p>\n<\/div>\n","protected":false},"excerpt":{"rendered":"<p>Kern\u00f6ffnungszeiten Die Freie Schule Pankow bietet Ganztagsbetreuung an: Wir \u00f6ffnen die Schule morgens um 8.30 Uhr und kommen in aller Ruhe bis 9.00 Uhr an. Der Schulalltag endet in der Regel um 16 Uhr, am Donnerstag schon um 15.00 Uhr. Tagesablauf An vier Tagen in<\/p>\n","protected":false},"author":1,"featured_media":0,"parent":0,"menu_order":0,"comment_status":"closed","ping_status":"open","template":"","meta":{"footnotes":""},"class_list":["post-21","page","type-page","status-publish","hentry"],"translation":{"provider":"WPGlobus","version":"3.0.2","language":"gb","enabled_languages":["de","gb","es","fr"],"languages":{"de":{"title":true,"content":true,"excerpt":false},"gb":{"title":false,"content":false,"excerpt":false},"es":{"title":false,"content":false,"excerpt":false},"fr":{"title":false,"content":false,"excerpt":false}}},"_links":{"self":[{"href":"https:\/\/www.freie-schule-pankow.de\/gb\/wp-json\/wp\/v2\/pages\/21","targetHints":{"allow":["GET"]}}],"collection":[{"href":"https:\/\/www.freie-schule-pankow.de\/gb\/wp-json\/wp\/v2\/pages"}],"about":[{"href":"https:\/\/www.freie-schule-pankow.de\/gb\/wp-json\/wp\/v2\/types\/page"}],"author":[{"embeddable":true,"href":"https:\/\/www.freie-schule-pankow.de\/gb\/wp-json\/wp\/v2\/users\/1"}],"replies":[{"embeddable":true,"href":"https:\/\/www.freie-schule-pankow.de\/gb\/wp-json\/wp\/v2\/comments?post=21"}],"version-history":[{"count":13,"href":"https:\/\/www.freie-schule-pankow.de\/gb\/wp-json\/wp\/v2\/pages\/21\/revisions"}],"predecessor-version":[{"id":1055,"href":"https:\/\/www.freie-schule-pankow.de\/gb\/wp-json\/wp\/v2\/pages\/21\/revisions\/1055"}],"wp:attachment":[{"href":"https:\/\/www.freie-schule-pankow.de\/gb\/wp-json\/wp\/v2\/media?parent=21"}],"curies":[{"name":"wp","href":"https:\/\/api.w.org\/{rel}","templated":true}]}}