{"id":170,"date":"2012-10-16T23:55:37","date_gmt":"2012-10-16T21:55:37","guid":{"rendered":"http:\/\/freie-schule-pankow.de\/?page_id=170"},"modified":"2026-03-11T16:52:49","modified_gmt":"2026-03-11T14:52:49","slug":"elternmitarbeit","status":"publish","type":"page","link":"https:\/\/www.freie-schule-pankow.de\/gb\/schulalltag\/elternmitarbeit\/","title":{"rendered":"Elternmitarbeit"},"content":{"rendered":"<div align=\"justify\">\n<p><strong>Unsere Elterninitiativschule lebt von der Mitarbeit der Eltern.<\/strong><\/p>\n<p>Neu an unsere Schule kommende Familien bekommen auf Wunsch <strong>Pateneltern<\/strong>, die beim Zurechtfinden helfen k\u00f6nnen, wenn Abl\u00e4ufe, Begriffe und Gewohnheiten noch fremd sind. Erste Hilfe bietet auch unsere Brosch\u00fcre <a title=\"A bis Z: Freie Schule Pankow\" href=\"http:\/\/freie-schule-pankow.de\/wp-content\/uploads\/FSP_A-Z.pdf\" target=\"_blank\">A bis Z: Freie Schule Pankow<\/a> (pdf-Abruf).<\/p>\n<p><strong>Schulvorstand<\/strong><\/p>\n<p>Der Vorstand unserer Schule besteht zur H\u00e4lfte aus Eltern.<\/p>\n<p><strong>Elternangebote und Arbeitsgruppen<\/strong><\/p>\n<p>Um das Schulleben bunt zu gestalten und lebendig zu erhalten, gibt es die unterschiedlichsten <strong>Elternarbeitsgruppen<\/strong>, wie z.B. die Partygruppe, die Neuaufnahmegruppe, die \u00d6ffentlichkeitsgruppe, die Gartengruppe, die Baugruppe, die L\u00e4usegruppe,.. . Elterngruppen werden je nach Bedarf und Ambition auch neu gegr\u00fcndet oder aufgel\u00f6st.<\/p>\n<p>Die Eltern k\u00f6nnen sich in Abstimmung mit Team und Vorstand mit Angeboten f\u00fcr die Kinder <strong>in den Schulalltag einbringen<\/strong>. Sie sind bei <strong>Aktivit\u00e4ten<\/strong> wie dem Tag der offenen T\u00fcr, dem Sommerfest, der Weihnachtsfeier und dem Trommelfest Rakatak aktiv dabei. Die verl\u00e4ssliche Mitarbeit und das Engagement der Eltern f\u00fcr unsere Schule sind \u00fcber die ganze Schulzeit hin wichtig f\u00fcr unsere Gemeinschaft.<\/p>\n<p><strong>Elternabende, Elterngespr\u00e4che, Kommunikation<\/strong><\/p>\n<p>Besonders wichtig ist uns ein <strong>gutes Klima<\/strong> an der Schule und eine <strong>intensive Kommunikation<\/strong> zwischen Eltern und p\u00e4dagogischem Team wie auch innerhalb der Elternschaft. Dazu besteht die M\u00f6glichkeit auf den alle drei Monate statt findenden <strong>Elternabenden<\/strong>, bei regelm\u00e4\u00dfigen <strong>Einzelgespr\u00e4chen<\/strong> mit den LehrerInnen, bei <strong>Abenden zu p\u00e4dagogischen Themen<\/strong>, bei <strong>Festen<\/strong>, zwischendurch auch mal beim Bringen oder Abholen der Kinder. In der Sekundarstufe gibt es dar\u00fcber hinaus zum Halbjahr zwei Nachmittage mit Terminen f\u00fcr Einzelgespr\u00e4che. Alle zwei Wochen erscheint unser <strong>Pankower Freibrief<\/strong> per Rundmail. In diesem Elternbrief werden aktuelle Termine, Anliegen, Neuigkeiten von Team und Eltern ver\u00f6ffentlicht.<\/p>\n<p><strong>Gemeinsame Schulputz-Eins\u00e4tze<\/strong><\/p>\n<p>Zweimal pro Schuljahr finden gro\u00dfe <strong>Putzeins\u00e4tze<\/strong> am Wochenende statt. Mit drei Stunden Arbeitszeit pro Familie tragen Eltern und Sch\u00fclerInnen aktiv zu einer sch\u00f6neren und sauberen Schule bei. Zus\u00e4tzlich dazu ist jede Familie an einem Wochenende pro Schuljahr\u00a0 in einer Au\u00dfenputzgruppe t\u00e4tig, die sich um unser Au\u00dfengel\u00e4nde verdient macht.<\/p>\n<p><strong>Alle Eltern sind aufgerufen,\u00a0 sich nach ihren Interessen und M\u00f6glichkeiten zu engagieren.<\/strong><\/p>\n<\/div>\n","protected":false},"excerpt":{"rendered":"<p>Unsere Elterninitiativschule lebt von der Mitarbeit der Eltern. Neu an unsere Schule kommende Familien bekommen auf Wunsch Pateneltern, die beim Zurechtfinden helfen k\u00f6nnen, wenn Abl\u00e4ufe, Begriffe und Gewohnheiten noch fremd sind. Erste Hilfe bietet auch unsere Brosch\u00fcre A bis Z: Freie Schule Pankow (pdf-Abruf). Schulvorstand<\/p>\n","protected":false},"author":1,"featured_media":0,"parent":21,"menu_order":4,"comment_status":"closed","ping_status":"closed","template":"","meta":{"footnotes":""},"class_list":["post-170","page","type-page","status-publish","hentry"],"translation":{"provider":"WPGlobus","version":"3.0.2","language":"gb","enabled_languages":["de","gb","es","fr"],"languages":{"de":{"title":true,"content":true,"excerpt":false},"gb":{"title":false,"content":false,"excerpt":false},"es":{"title":false,"content":false,"excerpt":false},"fr":{"title":false,"content":false,"excerpt":false}}},"_links":{"self":[{"href":"https:\/\/www.freie-schule-pankow.de\/gb\/wp-json\/wp\/v2\/pages\/170","targetHints":{"allow":["GET"]}}],"collection":[{"href":"https:\/\/www.freie-schule-pankow.de\/gb\/wp-json\/wp\/v2\/pages"}],"about":[{"href":"https:\/\/www.freie-schule-pankow.de\/gb\/wp-json\/wp\/v2\/types\/page"}],"author":[{"embeddable":true,"href":"https:\/\/www.freie-schule-pankow.de\/gb\/wp-json\/wp\/v2\/users\/1"}],"replies":[{"embeddable":true,"href":"https:\/\/www.freie-schule-pankow.de\/gb\/wp-json\/wp\/v2\/comments?post=170"}],"version-history":[{"count":11,"href":"https:\/\/www.freie-schule-pankow.de\/gb\/wp-json\/wp\/v2\/pages\/170\/revisions"}],"predecessor-version":[{"id":1441,"href":"https:\/\/www.freie-schule-pankow.de\/gb\/wp-json\/wp\/v2\/pages\/170\/revisions\/1441"}],"up":[{"embeddable":true,"href":"https:\/\/www.freie-schule-pankow.de\/gb\/wp-json\/wp\/v2\/pages\/21"}],"wp:attachment":[{"href":"https:\/\/www.freie-schule-pankow.de\/gb\/wp-json\/wp\/v2\/media?parent=170"}],"curies":[{"name":"wp","href":"https:\/\/api.w.org\/{rel}","templated":true}]}}