{"id":167,"date":"2012-10-16T23:46:19","date_gmt":"2012-10-16T21:46:19","guid":{"rendered":"http:\/\/freie-schule-pankow.de\/?page_id=167"},"modified":"2026-03-11T16:52:49","modified_gmt":"2026-03-11T14:52:49","slug":"schulregeln","status":"publish","type":"page","link":"https:\/\/www.freie-schule-pankow.de\/gb\/schulalltag\/schulregeln\/","title":{"rendered":"Schulregeln"},"content":{"rendered":"<div align=\"justify\">\n<p align=\"justify\">Ohne Regeln funktioniert das Zusammenleben nicht.<a href=\"http:\/\/freie-schule-pankow.de\/wp-content\/uploads\/schulregeln.jpg\"><img loading=\"lazy\" decoding=\"async\" src=\"http:\/\/freie-schule-pankow.de\/wp-content\/uploads\/schulregeln-225x300.jpg\" alt=\"\" title=\"schulregeln\" width=\"225\" height=\"300\" class=\"alignright size-medium wp-image-870\" srcset=\"https:\/\/www.freie-schule-pankow.de\/wp-content\/uploads\/schulregeln-225x300.jpg 225w, https:\/\/www.freie-schule-pankow.de\/wp-content\/uploads\/schulregeln.jpg 768w\" sizes=\"auto, (max-width: 225px) 100vw, 225px\" \/><\/a><br \/>\nAber wer bestimmt \u00fcber die Regeln, die an der Schule gelten?<\/p>\n<p align=\"justify\">Die Schulregeln werden auf der Schulversammlung beschlossen. Einmal w\u00f6chentlich und zus\u00e4tzlich bei besonderem Bedarf treffen sich die Sch\u00fcler, die Sch\u00fclerinnen und das Team der Freien Schule Pankow zur Schulversammlung. Dort werden alle Fragen des Zusammenlebens besprochen und im Mehrheitsprinzip entschieden.<\/p>\n<p align=\"justify\">Das gibt manchmal ganz sch\u00f6n lange Diskussionen, bis eine f\u00fcr alle akzeptable L\u00f6sung gefunden wird. Bei der Abstimmung haben alle Sch\u00fcler, Sch\u00fclerinnen, Lehrerinnen und Lehrer gleichberechtigt jeweils eine Stimme. Und genau so werden auch neue Regeln beschlossen oder alte Regeln ge\u00e4ndert oder abgeschafft.<\/p>\n<p align=\"justify\">Das daraus entstandene umfangreiche Regelwerk h\u00e4ngt an einem zentralen Ort in der Schule aus.<\/p>\n<\/div>\n","protected":false},"excerpt":{"rendered":"<p>Ohne Regeln funktioniert das Zusammenleben nicht. Aber wer bestimmt \u00fcber die Regeln, die an der Schule gelten? Die Schulregeln werden auf der Schulversammlung beschlossen. Einmal w\u00f6chentlich und zus\u00e4tzlich bei besonderem Bedarf treffen sich die Sch\u00fcler, die Sch\u00fclerinnen und das Team der Freien Schule Pankow zur<\/p>\n","protected":false},"author":1,"featured_media":0,"parent":21,"menu_order":3,"comment_status":"closed","ping_status":"closed","template":"","meta":{"footnotes":""},"class_list":["post-167","page","type-page","status-publish","hentry"],"translation":{"provider":"WPGlobus","version":"3.0.2","language":"gb","enabled_languages":["de","gb","es","fr"],"languages":{"de":{"title":true,"content":true,"excerpt":false},"gb":{"title":false,"content":false,"excerpt":false},"es":{"title":false,"content":false,"excerpt":false},"fr":{"title":false,"content":false,"excerpt":false}}},"_links":{"self":[{"href":"https:\/\/www.freie-schule-pankow.de\/gb\/wp-json\/wp\/v2\/pages\/167","targetHints":{"allow":["GET"]}}],"collection":[{"href":"https:\/\/www.freie-schule-pankow.de\/gb\/wp-json\/wp\/v2\/pages"}],"about":[{"href":"https:\/\/www.freie-schule-pankow.de\/gb\/wp-json\/wp\/v2\/types\/page"}],"author":[{"embeddable":true,"href":"https:\/\/www.freie-schule-pankow.de\/gb\/wp-json\/wp\/v2\/users\/1"}],"replies":[{"embeddable":true,"href":"https:\/\/www.freie-schule-pankow.de\/gb\/wp-json\/wp\/v2\/comments?post=167"}],"version-history":[{"count":8,"href":"https:\/\/www.freie-schule-pankow.de\/gb\/wp-json\/wp\/v2\/pages\/167\/revisions"}],"predecessor-version":[{"id":3108,"href":"https:\/\/www.freie-schule-pankow.de\/gb\/wp-json\/wp\/v2\/pages\/167\/revisions\/3108"}],"up":[{"embeddable":true,"href":"https:\/\/www.freie-schule-pankow.de\/gb\/wp-json\/wp\/v2\/pages\/21"}],"wp:attachment":[{"href":"https:\/\/www.freie-schule-pankow.de\/gb\/wp-json\/wp\/v2\/media?parent=167"}],"curies":[{"name":"wp","href":"https:\/\/api.w.org\/{rel}","templated":true}]}}