{"id":163,"date":"2012-10-16T23:44:41","date_gmt":"2012-10-16T21:44:41","guid":{"rendered":"http:\/\/freie-schule-pankow.de\/?page_id=163"},"modified":"2026-03-11T16:52:49","modified_gmt":"2026-03-11T14:52:49","slug":"werkstatten-und-projektwochen","status":"publish","type":"page","link":"https:\/\/www.freie-schule-pankow.de\/gb\/schulalltag\/werkstatten-und-projektwochen\/","title":{"rendered":"Werkst\u00e4tten und Projektwochen"},"content":{"rendered":"<div align=\"justify\">\n<p><a href=\"http:\/\/freie-schule-pankow.de\/wp-content\/uploads\/Fotos_004.jpg\"><img loading=\"lazy\" decoding=\"async\" class=\"alignleft size-thumbnail wp-image-57\" title=\"Zeichnen_Kinder_Kunst\" src=\"http:\/\/freie-schule-pankow.de\/wp-content\/uploads\/Fotos_004-290x290.jpg\" alt=\"\" width=\"290\" height=\"290\" srcset=\"https:\/\/www.freie-schule-pankow.de\/wp-content\/uploads\/Fotos_004-290x290.jpg 290w, https:\/\/www.freie-schule-pankow.de\/wp-content\/uploads\/Fotos_004-125x125.jpg 125w, https:\/\/www.freie-schule-pankow.de\/wp-content\/uploads\/Fotos_004-45x45.jpg 45w\" sizes=\"auto, (max-width: 290px) 100vw, 290px\" \/><\/a>Das Lernen in Projekten und Werkst\u00e4tten ist ein zentrales p\u00e4dagogisches Element der Freien Schule Pankow. Viermal j\u00e4hrlich finden Projektwochen statt. In diesen besch\u00e4ftigen <a href=\"http:\/\/freie-schule-pankow.de\/wp-content\/uploads\/Kinder_FreieSchule_Lernen_Material.jpg\"><img loading=\"lazy\" decoding=\"async\" class=\"alignright size-medium wp-image-517\" title=\"Kinder_FreieSchule_Lernen_Material\" src=\"http:\/\/freie-schule-pankow.de\/wp-content\/uploads\/Kinder_FreieSchule_Lernen_Material-200x300.jpg\" alt=\"\" width=\"200\" height=\"300\" srcset=\"https:\/\/www.freie-schule-pankow.de\/wp-content\/uploads\/Kinder_FreieSchule_Lernen_Material-200x300.jpg 200w, https:\/\/www.freie-schule-pankow.de\/wp-content\/uploads\/Kinder_FreieSchule_Lernen_Material.jpg 600w\" sizes=\"auto, (max-width: 200px) 100vw, 200px\" \/><\/a>sich die Sch\u00fclerInnen und Teammitglieder eine Woche lang vormittags mit gemeinsamen Themen. Die Projekte werden gemeinsam geplant und durchgef\u00fchrt. Die Ideen daf\u00fcr kommen von den Kindern, Teammitgliedern oder auch von Eltern. Kinder k\u00f6nnen auch eigene Projekte anbieten und leiten.<\/p>\n<p>Unsere Werkst\u00e4tten, die das gesamte Schuljahr \u00fcber jeden Mittwochvormittag stattfinden, haben auch Projektcharakter. Jede Werkstatt l\u00e4uft \u00fcber einen Zeitraum von etwa 1 \u00bd bis 2 Monaten.<\/p>\n<p><strong>Beispiele von Projekten und Werkst\u00e4tten aus den letzten Jahren:<\/strong><br \/>\n<a href=\"http:\/\/freie-schule-pankow.de\/wp-content\/uploads\/Kinder_FreieSchule_Kneten_Kunst_Projekt.jpg\"><img loading=\"lazy\" decoding=\"async\" class=\"alignleft size-medium wp-image-523\" title=\"Kinder_FreieSchule_Kneten_Kunst_Projekt\" src=\"http:\/\/freie-schule-pankow.de\/wp-content\/uploads\/Kinder_FreieSchule_Kneten_Kunst_Projekt-300x200.jpg\" alt=\"\" width=\"300\" height=\"200\" srcset=\"https:\/\/www.freie-schule-pankow.de\/wp-content\/uploads\/Kinder_FreieSchule_Kneten_Kunst_Projekt-300x200.jpg 300w, https:\/\/www.freie-schule-pankow.de\/wp-content\/uploads\/Kinder_FreieSchule_Kneten_Kunst_Projekt.jpg 768w\" sizes=\"auto, (max-width: 300px) 100vw, 300px\" \/><\/a>Fahrradwerkstatt, Naturkunst, Modellbau, Digitalfotografie, Kochen, Backen, Filmschnitt, Theater, Garten, Yoga, Herbst, Schwimmen, Zeichnen, R\u00f6mer, Altes \u00c4gypten, Mediation, Unterwasserwelten, Mangas, Experimente, Perlenschmuck, T-Shirt-Druck, Fassadengestaltung, Stadterkundung, Kost\u00fcme entwerfen und n\u00e4hen, Ritter, Piraten, Veganes Kochen, Filzen, Knetfilme erstellen, Philosophie, Turnen, Rollenspiel, &#8230;<\/p>\n<\/div>\n","protected":false},"excerpt":{"rendered":"<p>Das Lernen in Projekten und Werkst\u00e4tten ist ein zentrales p\u00e4dagogisches Element der Freien Schule Pankow. Viermal j\u00e4hrlich finden Projektwochen statt. In diesen besch\u00e4ftigen sich die Sch\u00fclerInnen und Teammitglieder eine Woche lang vormittags mit gemeinsamen Themen. Die Projekte werden gemeinsam geplant und durchgef\u00fchrt. Die Ideen daf\u00fcr<\/p>\n","protected":false},"author":1,"featured_media":0,"parent":21,"menu_order":2,"comment_status":"closed","ping_status":"closed","template":"","meta":{"footnotes":""},"class_list":["post-163","page","type-page","status-publish","hentry"],"translation":{"provider":"WPGlobus","version":"3.0.2","language":"gb","enabled_languages":["de","gb","es","fr"],"languages":{"de":{"title":true,"content":true,"excerpt":false},"gb":{"title":false,"content":false,"excerpt":false},"es":{"title":false,"content":false,"excerpt":false},"fr":{"title":false,"content":false,"excerpt":false}}},"_links":{"self":[{"href":"https:\/\/www.freie-schule-pankow.de\/gb\/wp-json\/wp\/v2\/pages\/163","targetHints":{"allow":["GET"]}}],"collection":[{"href":"https:\/\/www.freie-schule-pankow.de\/gb\/wp-json\/wp\/v2\/pages"}],"about":[{"href":"https:\/\/www.freie-schule-pankow.de\/gb\/wp-json\/wp\/v2\/types\/page"}],"author":[{"embeddable":true,"href":"https:\/\/www.freie-schule-pankow.de\/gb\/wp-json\/wp\/v2\/users\/1"}],"replies":[{"embeddable":true,"href":"https:\/\/www.freie-schule-pankow.de\/gb\/wp-json\/wp\/v2\/comments?post=163"}],"version-history":[{"count":15,"href":"https:\/\/www.freie-schule-pankow.de\/gb\/wp-json\/wp\/v2\/pages\/163\/revisions"}],"predecessor-version":[{"id":3107,"href":"https:\/\/www.freie-schule-pankow.de\/gb\/wp-json\/wp\/v2\/pages\/163\/revisions\/3107"}],"up":[{"embeddable":true,"href":"https:\/\/www.freie-schule-pankow.de\/gb\/wp-json\/wp\/v2\/pages\/21"}],"wp:attachment":[{"href":"https:\/\/www.freie-schule-pankow.de\/gb\/wp-json\/wp\/v2\/media?parent=163"}],"curies":[{"name":"wp","href":"https:\/\/api.w.org\/{rel}","templated":true}]}}