{"id":108,"date":"2012-09-06T00:06:57","date_gmt":"2012-09-05T22:06:57","guid":{"rendered":"http:\/\/freie-schule-pankow.de\/?page_id=108"},"modified":"2026-03-11T16:52:49","modified_gmt":"2026-03-11T14:52:49","slug":"termine","status":"publish","type":"page","link":"https:\/\/www.freie-schule-pankow.de\/gb\/termine\/","title":{"rendered":"Termine"},"content":{"rendered":"\n<h3 class=\"wp-block-heading\"><\/h3>\n\n\n\n<p><\/p>\n\n\n\n<h3 class=\"wp-block-heading\">Infoabend<\/h3>\n\n\n\n<p>Der n\u00e4chste Infoabend findet im Januar 2027 statt. Er richtet sich speziell an die Interessierten f\u00fcr einen Einstieg in die SEK1 (7.Klasse). Erst dann k\u00f6nnen wir euch die genaue Platzanzahl f\u00fcr den Einstieg in die zuk\u00fcnftige 7.Klasse sagen. Bei Interesse bitten wir um eine kurze Anmeldung im <a href=\"mailto:info@freie-schule-pankow.de\">B\u00fcro.<\/a><\/p>\n\n\n\n<p><strong>Bewerbungsfrist 7.Klasse 2027\/28<\/strong>:<strong> Januar 2027<\/strong><\/p>\n\n\n\n<h3 class=\"wp-block-heading\">Tag der offenen T\u00fcr<\/h3>\n\n\n\n<p>Unser Tag der Offenen T\u00fcr findet voraussichtlich im Oktober 2026 statt. Die Freie Schule Pankow \u00f6ffnete weit ihre Pforten und hie\u00df interessierte Eltern und Kinder willkommen. <strong>Von 11 bis 14 Uhr<\/strong> konnte die Schule besichtigt und mit Teamer*innen, Eltern und Sch\u00fcler*innen ins Gespr\u00e4ch gegangen werden. Der n\u00e4chste Tag der Offenen T\u00fcr wird wieder im Oktober stattfinden. Den genaue Termin geben wir immer nach den Sommerferien bekannt.<\/p>\n\n\n\n<p><strong>Bewerbungsfrist 1. Klasse 2027\/28<\/strong>: <strong>15. November 2026<\/strong><\/p>\n\n\n\n<p><\/p>\n\n\n\n<h3 class=\"wp-block-heading\">Kennenlerngespr\u00e4che:<\/h3>\n\n\n\n<p>Kennenlerngespr\u00e4che finden im Laufe unseres Bewerbungsprozesses regelm\u00e4\u00dfig &#8211; <em><strong>ausschlie\u00dflich auf Einladung<\/strong><\/em> &#8211; statt. Mehr Informationen zu unserem Anmeldeverfahren <a title=\"Aufnahmeverfahren\" href=\"http:\/\/freie-schule-pankow.de\/aufnahmeverfahren\/\">findet ihr hier<\/a>.<\/p>\n\n\n\n<p><\/p>\n\n\n\n<p><\/p>\n","protected":false},"excerpt":{"rendered":"<p>Infoabend Der n\u00e4chste Infoabend findet im Januar 2027 statt. Er richtet sich speziell an die Interessierten f\u00fcr einen Einstieg in die SEK1 (7.Klasse). Erst dann k\u00f6nnen wir euch die genaue Platzanzahl f\u00fcr den Einstieg in die zuk\u00fcnftige 7.Klasse sagen. Bei Interesse bitten wir um eine<\/p>\n","protected":false},"author":1,"featured_media":0,"parent":0,"menu_order":0,"comment_status":"closed","ping_status":"open","template":"","meta":{"footnotes":""},"class_list":["post-108","page","type-page","status-publish","hentry"],"translation":{"provider":"WPGlobus","version":"3.0.2","language":"gb","enabled_languages":["de","gb","es","fr"],"languages":{"de":{"title":true,"content":true,"excerpt":false},"gb":{"title":false,"content":false,"excerpt":false},"es":{"title":false,"content":false,"excerpt":false},"fr":{"title":false,"content":false,"excerpt":false}}},"_links":{"self":[{"href":"https:\/\/www.freie-schule-pankow.de\/gb\/wp-json\/wp\/v2\/pages\/108","targetHints":{"allow":["GET"]}}],"collection":[{"href":"https:\/\/www.freie-schule-pankow.de\/gb\/wp-json\/wp\/v2\/pages"}],"about":[{"href":"https:\/\/www.freie-schule-pankow.de\/gb\/wp-json\/wp\/v2\/types\/page"}],"author":[{"embeddable":true,"href":"https:\/\/www.freie-schule-pankow.de\/gb\/wp-json\/wp\/v2\/users\/1"}],"replies":[{"embeddable":true,"href":"https:\/\/www.freie-schule-pankow.de\/gb\/wp-json\/wp\/v2\/comments?post=108"}],"version-history":[{"count":88,"href":"https:\/\/www.freie-schule-pankow.de\/gb\/wp-json\/wp\/v2\/pages\/108\/revisions"}],"predecessor-version":[{"id":3073,"href":"https:\/\/www.freie-schule-pankow.de\/gb\/wp-json\/wp\/v2\/pages\/108\/revisions\/3073"}],"wp:attachment":[{"href":"https:\/\/www.freie-schule-pankow.de\/gb\/wp-json\/wp\/v2\/media?parent=108"}],"curies":[{"name":"wp","href":"https:\/\/api.w.org\/{rel}","templated":true}]}}