{"id":773,"date":"2013-01-06T22:32:53","date_gmt":"2013-01-06T20:32:53","guid":{"rendered":"http:\/\/freie-schule-pankow.de\/?page_id=773"},"modified":"2026-03-11T16:52:39","modified_gmt":"2026-03-11T14:52:39","slug":"finanzen","status":"publish","type":"page","link":"https:\/\/www.freie-schule-pankow.de\/fr\/finanzen\/","title":{"rendered":"Finanzen"},"content":{"rendered":"\n<p>Als Freie Schule sind wir auf finanzielle Unterst\u00fctzung durch die Familien unserer Schulkinder angewiesen, um unseren Schulbetrieb am Laufen zu halten. Daher erheben wir einen Elternbeitrag, der sich aktuell wie folgt zusammensetzt:<\/p>\n\n\n\n<h2 class=\"wp-block-heading\">Grundschule<\/h2>\n\n\n\n<p>Der Elternbeitrag im Grundschulbereich setzt sich aus zwei Teilen zusammen: dem Schulgeld sowie dem Hortbeitrag. Das Schulgeld ist einkommensabh\u00e4ngig. Die Eltern stufen sich vor Beginn eines jeden Schuljahres in der H\u00f6he selbst ein. Ein durchschnittlicher Schulplatz kostet 195\u20ac monatlich. Der Mindestbeitrag betr\u00e4gt 155 \u20ac, mit BuT-Nachweis liegt er bei 99 \u20ac.<\/p>\n\n\n\n<p>Da unsere Schule nach einem Ganztagskonzept funktioniert, muss jedes Kind an unserer Schule einen Hortplatz haben. Dieser ist beim zust\u00e4ndigen Bezirksamt zu beantragen. Dort wird der jeweilige Eltern-Hortbeitrag anhand des Haushaltseinkommens errechnet und eingestuft.<\/p>\n\n\n\n<h2 class=\"wp-block-heading\">Sekundarschule<\/h2>\n\n\n\n<p>Das Schulgeld ist einkommensabh\u00e4ngig. Die Eltern stufen sich vor Beginn eines jeden Schuljahres in der H\u00f6he selbst ein. Ein durchschnittlicher Schulplatz kostet 195\u20ac monatlich. Der Mindestbeitrag betr\u00e4gt 155 \u20ac, mit BuT-Nachweis 99 \u20ac.<\/p>\n\n\n\n<p>Zuz\u00fcglich zum Schulgeld erheben wir eine Pauschale von 81 \u20ac f\u00fcr Nachmittagsbetreuung, Materialien, Essen etc.<\/p>\n\n\n\n<h2 class=\"wp-block-heading\">Erm\u00e4\u00dfigungen<\/h2>\n\n\n\n<p>Selbstverst\u00e4ndlich bezahlen Kinder mit BuT-Berechtigung in der Grundschule und SEK1 bei uns kein Essensgeld. Erm\u00e4\u00dfigungen f\u00fcr das Schulgeld k\u00f6nnen beim Vorstand beantragt werden und gelten f\u00fcr maximal 6 Monate.<\/p>\n\n\n\n<h2 class=\"wp-block-heading\">Quereinsteiger*innen<\/h2>\n\n\n\n<p>F\u00fcr Quereinsteiger*innen im laufenden Schuljahr gilt der Durchschnittsbetrag des Schulgeldes von aktuell 195 \u20ac. Erm\u00e4\u00dfigungsberechtigte zahlen 130 \u20ac.<\/p>\n\n\n\n<h2 class=\"wp-block-heading\">Kaution<\/h2>\n\n\n\n<p>Zu Beginn der Schullaufbahn eines Kindes bei uns ist von der Familie eine Kaution in H\u00f6he von derzeit 200 \u20ac f\u00fcr die Grundschule und f\u00fcr den Sekundarschulbereich zu hinterlegen. Diese Kaution wird nat\u00fcrlich bei Schulaustritt zur\u00fcckerstattet, wenn nichts anderes vereinbart wurde.<\/p>\n\n\n\n<p>Da wir eine Schule im Wachstum mit vielen Visionen sind, k\u00f6nnen sich die Elternbeitr\u00e4ge ver\u00e4ndern und werden jedes Schuljahr im Zuge unserer Haushaltsplanung \u00fcberpr\u00fcft.<\/p>\n\n\n\n<h2 class=\"wp-block-heading\">Garderobenspind<\/h2>\n\n\n\n<p>F\u00fcr jede*n Sch\u00fcler*in steht an der Schule ein Spindfach zur Verf\u00fcgung. Die Nutzung ist obligatorisch. Wir erheben ein j\u00e4hrliches Nutzungsentgelt in H\u00f6he von 10 \u20ac.<\/p>\n","protected":false},"excerpt":{"rendered":"<p>Als Freie Schule sind wir auf finanzielle Unterst\u00fctzung durch die Familien unserer Schulkinder angewiesen, um unseren Schulbetrieb am Laufen zu halten. Daher erheben wir einen Elternbeitrag, der sich aktuell wie folgt zusammensetzt: Grundschule Der Elternbeitrag im Grundschulbereich setzt sich aus zwei Teilen zusammen: dem Schulgeld<\/p>\n","protected":false},"author":1,"featured_media":0,"parent":0,"menu_order":0,"comment_status":"closed","ping_status":"closed","template":"","meta":{"footnotes":""},"class_list":["post-773","page","type-page","status-publish","hentry"],"translation":{"provider":"WPGlobus","version":"3.0.2","language":"fr","enabled_languages":["de","gb","es","fr"],"languages":{"de":{"title":true,"content":true,"excerpt":false},"gb":{"title":false,"content":false,"excerpt":false},"es":{"title":false,"content":false,"excerpt":false},"fr":{"title":false,"content":false,"excerpt":false}}},"_links":{"self":[{"href":"https:\/\/www.freie-schule-pankow.de\/fr\/wp-json\/wp\/v2\/pages\/773","targetHints":{"allow":["GET"]}}],"collection":[{"href":"https:\/\/www.freie-schule-pankow.de\/fr\/wp-json\/wp\/v2\/pages"}],"about":[{"href":"https:\/\/www.freie-schule-pankow.de\/fr\/wp-json\/wp\/v2\/types\/page"}],"author":[{"embeddable":true,"href":"https:\/\/www.freie-schule-pankow.de\/fr\/wp-json\/wp\/v2\/users\/1"}],"replies":[{"embeddable":true,"href":"https:\/\/www.freie-schule-pankow.de\/fr\/wp-json\/wp\/v2\/comments?post=773"}],"version-history":[{"count":21,"href":"https:\/\/www.freie-schule-pankow.de\/fr\/wp-json\/wp\/v2\/pages\/773\/revisions"}],"predecessor-version":[{"id":2930,"href":"https:\/\/www.freie-schule-pankow.de\/fr\/wp-json\/wp\/v2\/pages\/773\/revisions\/2930"}],"wp:attachment":[{"href":"https:\/\/www.freie-schule-pankow.de\/fr\/wp-json\/wp\/v2\/media?parent=773"}],"curies":[{"name":"wp","href":"https:\/\/api.w.org\/{rel}","templated":true}]}}