{"id":69,"date":"2012-09-05T22:34:44","date_gmt":"2012-09-05T20:34:44","guid":{"rendered":"http:\/\/freie-schule-pankow.de\/?page_id=69"},"modified":"2026-03-11T16:52:39","modified_gmt":"2026-03-11T14:52:39","slug":"sportliches","status":"publish","type":"page","link":"https:\/\/www.freie-schule-pankow.de\/fr\/aktivitaten\/sportliches\/","title":{"rendered":"Sportliches"},"content":{"rendered":"<div align=\"justify\">Auf unserem Schulgel\u00e4nde haben wir leider noch keinen Sportplatz. Fu\u00dfball und Basketball kann aber im kleineren Rahmen auf dem Gel\u00e4nde gespielt werden. Ein Ballspielplatz auf dem Hof ist in Planung und soll 2024 noch umgesetzt werden.<\/div>\n<div align=\"justify\"><\/div>\n<div align=\"justify\">Au\u00dferdem steht uns theoretisch w\u00f6chentlich f\u00fcr zwei Stunden eine gro\u00dfe <strong>Turnhalle<\/strong> in der N\u00e4he zur Verf\u00fcgung, in welcher wir unterschiedliche Sportarten trainieren. Aufgrund der angespannten Nachfrage und der Bevorzugung staatlicher Schulen, sind die Turnhallenzeiten leider nicht in jedem Schuljahr zu garantieren.<\/div>\n<div align=\"justify\"><\/div>\n<div align=\"justify\">Dar\u00fcber hinaus gibt es bei uns <strong>Schwimmkurse<\/strong>, zum Beispiel &#8220;Vom Backstein zum Seepferdchen&#8221; oder f\u00fcr die, die schon schwimmen k\u00f6nnen, Kurse zur <a href=\"http:\/\/freie-schule-pankow.de\/wp-content\/uploads\/2012_BunterTag_Skaten_38.jpeg\"><img loading=\"lazy\" decoding=\"async\" class=\"alignleft size-medium wp-image-671\" title=\"Sportliches_FreieSchule_Skaten\" src=\"http:\/\/freie-schule-pankow.de\/wp-content\/uploads\/2012_BunterTag_Skaten_38-300x199.jpeg\" alt=\"\" width=\"300\" height=\"199\" srcset=\"https:\/\/www.freie-schule-pankow.de\/wp-content\/uploads\/2012_BunterTag_Skaten_38-300x199.jpeg 300w, https:\/\/www.freie-schule-pankow.de\/wp-content\/uploads\/2012_BunterTag_Skaten_38.jpeg 768w\" sizes=\"auto, (max-width: 300px) 100vw, 300px\" \/><\/a>Weiterentwicklung ihrer F\u00e4higkeiten.<\/div>\n<div align=\"justify\"><\/div>\n<p><a href=\"http:\/\/freie-schule-pankow.de\/wp-content\/uploads\/Ausflug_Kinder_FreieSchule_Sport_Kanu.jpg\"><img loading=\"lazy\" decoding=\"async\" class=\"alignright size-medium wp-image-719\" title=\"Ausflug_Kinder_FreieSchule_Sport_Kanu\" src=\"http:\/\/freie-schule-pankow.de\/wp-content\/uploads\/Ausflug_Kinder_FreieSchule_Sport_Kanu-300x198.jpg\" alt=\"\" width=\"300\" height=\"198\" srcset=\"https:\/\/www.freie-schule-pankow.de\/wp-content\/uploads\/Ausflug_Kinder_FreieSchule_Sport_Kanu-300x198.jpg 300w, https:\/\/www.freie-schule-pankow.de\/wp-content\/uploads\/Ausflug_Kinder_FreieSchule_Sport_Kanu.jpg 460w\" sizes=\"auto, (max-width: 300px) 100vw, 300px\" \/><\/a>Zus\u00e4tzlich bieten wir in unseren R\u00e4umlichkeiten Selbstbehauptung als Kurs f\u00fcr alle an.<\/p>\n<div align=\"justify\">Und auf unseren gemeinsamen Reisen sind wir auch aktiv, zum Beispiel bei diesem Kanuausflug w\u00e4hrend unserer <strong>Schulfahrt<\/strong>.<\/div>\n<div align=\"justify\"><\/div>\n<div align=\"justify\"><\/div>\n<div align=\"justify\"><\/div>\n","protected":false},"excerpt":{"rendered":"<p>Auf unserem Schulgel\u00e4nde haben wir leider noch keinen Sportplatz. Fu\u00dfball und Basketball kann aber im kleineren Rahmen auf dem Gel\u00e4nde gespielt werden. Ein Ballspielplatz auf dem Hof ist in Planung und soll 2024 noch umgesetzt werden. Au\u00dferdem steht uns theoretisch w\u00f6chentlich f\u00fcr zwei Stunden eine<\/p>\n","protected":false},"author":1,"featured_media":0,"parent":29,"menu_order":0,"comment_status":"closed","ping_status":"open","template":"","meta":{"footnotes":""},"class_list":["post-69","page","type-page","status-publish","hentry"],"translation":{"provider":"WPGlobus","version":"3.0.2","language":"fr","enabled_languages":["de","gb","es","fr"],"languages":{"de":{"title":true,"content":true,"excerpt":false},"gb":{"title":false,"content":false,"excerpt":false},"es":{"title":false,"content":false,"excerpt":false},"fr":{"title":false,"content":false,"excerpt":false}}},"_links":{"self":[{"href":"https:\/\/www.freie-schule-pankow.de\/fr\/wp-json\/wp\/v2\/pages\/69","targetHints":{"allow":["GET"]}}],"collection":[{"href":"https:\/\/www.freie-schule-pankow.de\/fr\/wp-json\/wp\/v2\/pages"}],"about":[{"href":"https:\/\/www.freie-schule-pankow.de\/fr\/wp-json\/wp\/v2\/types\/page"}],"author":[{"embeddable":true,"href":"https:\/\/www.freie-schule-pankow.de\/fr\/wp-json\/wp\/v2\/users\/1"}],"replies":[{"embeddable":true,"href":"https:\/\/www.freie-schule-pankow.de\/fr\/wp-json\/wp\/v2\/comments?post=69"}],"version-history":[{"count":37,"href":"https:\/\/www.freie-schule-pankow.de\/fr\/wp-json\/wp\/v2\/pages\/69\/revisions"}],"predecessor-version":[{"id":2898,"href":"https:\/\/www.freie-schule-pankow.de\/fr\/wp-json\/wp\/v2\/pages\/69\/revisions\/2898"}],"up":[{"embeddable":true,"href":"https:\/\/www.freie-schule-pankow.de\/fr\/wp-json\/wp\/v2\/pages\/29"}],"wp:attachment":[{"href":"https:\/\/www.freie-schule-pankow.de\/fr\/wp-json\/wp\/v2\/media?parent=69"}],"curies":[{"name":"wp","href":"https:\/\/api.w.org\/{rel}","templated":true}]}}