{"id":65,"date":"2012-09-05T22:32:14","date_gmt":"2012-09-05T20:32:14","guid":{"rendered":"http:\/\/freie-schule-pankow.de\/?page_id=65"},"modified":"2026-03-11T16:52:39","modified_gmt":"2026-03-11T14:52:39","slug":"handwerkliches","status":"publish","type":"page","link":"https:\/\/www.freie-schule-pankow.de\/fr\/aktivitaten\/handwerkliches\/","title":{"rendered":"Handwerkliches"},"content":{"rendered":"\n<div align=\"justify\">\n<figure><a href=\"https:\/\/www.freie-schule-pankow.de\/wp-content\/uploads\/DSC00245.jpg\"><img loading=\"lazy\" decoding=\"async\" class=\"alignright wp-image-2950 size-medium\" title=\"Krea-Impressionen\" src=\"https:\/\/www.freie-schule-pankow.de\/wp-content\/uploads\/DSC00245-300x200.jpg\" alt=\"Arbeiten an Kreiss\u00e4ge\" width=\"300\" height=\"200\" srcset=\"https:\/\/www.freie-schule-pankow.de\/wp-content\/uploads\/DSC00245-300x200.jpg 300w, https:\/\/www.freie-schule-pankow.de\/wp-content\/uploads\/DSC00245-768x512.jpg 768w, https:\/\/www.freie-schule-pankow.de\/wp-content\/uploads\/DSC00245.jpg 1024w\" sizes=\"auto, (max-width: 300px) 100vw, 300px\" \/><\/a><\/figure><p><\/p>\n<p>Wir haben eine <strong>eigene <\/strong><strong>Holzwerkstatt<\/strong> zur Verf\u00fcgung, in welcher wir unterschiedlichste Handwerkstechniken ausprobieren und uns gestalterisch bet\u00e4tigen k\u00f6nnen.<\/p>\n<\/div>\n<div class=\"clear\"><\/div>\n<div align=\"justify\">\n<p>Neu ist ein <strong>T\u00f6pferangebot<\/strong>. In unseren eigenen Brenn\u00f6fen k\u00f6nnen wir die Kunstwerke der Kinder gleich vor Ort brennen.<\/p>\n<figure><a href=\"https:\/\/www.freie-schule-pankow.de\/wp-content\/uploads\/DSC00240.jpg\"><img loading=\"lazy\" decoding=\"async\" class=\"alignleft wp-image-2949 size-medium\" title=\"Holz- und Steinwerkstatt\" src=\"https:\/\/www.freie-schule-pankow.de\/wp-content\/uploads\/DSC00240-200x300.jpg\" alt=\"Keramikarbeiten\" width=\"200\" height=\"300\" srcset=\"https:\/\/www.freie-schule-pankow.de\/wp-content\/uploads\/DSC00240-200x300.jpg 200w, https:\/\/www.freie-schule-pankow.de\/wp-content\/uploads\/DSC00240-684x1024.jpg 684w, https:\/\/www.freie-schule-pankow.de\/wp-content\/uploads\/DSC00240-768x1151.jpg 768w, https:\/\/www.freie-schule-pankow.de\/wp-content\/uploads\/DSC00240.jpg 801w\" sizes=\"auto, (max-width: 200px) 100vw, 200px\" \/><\/a><\/figure><p><\/p>\n<\/div>\n<div class=\"clear\"><\/div>\n<div align=\"justify\">\n<p>Unseren gro\u00dfen <strong>Kreativraum<\/strong> k\u00f6nnen wir t\u00e4glich frei nutzen, zum Beispiel zum Kneten oder zum freien Malen, Zeichnen und Klecksen mit H\u00e4nden, F\u00fc\u00dfen, Pinseln und Stiften. Hier finden auch regelm\u00e4\u00dfige <strong data-wp-editing=\"1\">Bastel- und Gestaltungsangebote<\/strong> statt. Daneben gibt es mit dem <strong>Atelier<\/strong> einen extra Raum f\u00fcr den Kunstunterricht.<\/p>\n<figure><a href=\"https:\/\/www.freie-schule-pankow.de\/wp-content\/uploads\/DSC00455.jpg\"><img loading=\"lazy\" decoding=\"async\" class=\"alignright wp-image-2948 size-medium\" title=\"Kunstbedarf\" src=\"https:\/\/www.freie-schule-pankow.de\/wp-content\/uploads\/DSC00455-300x200.jpg\" alt=\"Farben und Pinsel\" width=\"300\" height=\"200\" srcset=\"https:\/\/www.freie-schule-pankow.de\/wp-content\/uploads\/DSC00455-300x200.jpg 300w, https:\/\/www.freie-schule-pankow.de\/wp-content\/uploads\/DSC00455-1024x683.jpg 1024w, https:\/\/www.freie-schule-pankow.de\/wp-content\/uploads\/DSC00455-768x512.jpg 768w, https:\/\/www.freie-schule-pankow.de\/wp-content\/uploads\/DSC00455.jpg 1200w\" sizes=\"auto, (max-width: 300px) 100vw, 300px\" \/><\/a><\/figure>\n<\/div>\n","protected":false},"excerpt":{"rendered":"<p>Wir haben eine eigene Holzwerkstatt zur Verf\u00fcgung, in welcher wir unterschiedlichste Handwerkstechniken ausprobieren und uns gestalterisch bet\u00e4tigen k\u00f6nnen. Neu ist ein T\u00f6pferangebot. In unseren eigenen Brenn\u00f6fen k\u00f6nnen wir die Kunstwerke der Kinder gleich vor Ort brennen. Unseren gro\u00dfen Kreativraum k\u00f6nnen wir t\u00e4glich frei nutzen, zum<\/p>\n","protected":false},"author":1,"featured_media":0,"parent":29,"menu_order":0,"comment_status":"closed","ping_status":"open","template":"","meta":{"footnotes":""},"class_list":["post-65","page","type-page","status-publish","hentry"],"translation":{"provider":"WPGlobus","version":"3.0.2","language":"fr","enabled_languages":["de","gb","es","fr"],"languages":{"de":{"title":true,"content":true,"excerpt":false},"gb":{"title":false,"content":false,"excerpt":false},"es":{"title":false,"content":false,"excerpt":false},"fr":{"title":false,"content":false,"excerpt":false}}},"_links":{"self":[{"href":"https:\/\/www.freie-schule-pankow.de\/fr\/wp-json\/wp\/v2\/pages\/65","targetHints":{"allow":["GET"]}}],"collection":[{"href":"https:\/\/www.freie-schule-pankow.de\/fr\/wp-json\/wp\/v2\/pages"}],"about":[{"href":"https:\/\/www.freie-schule-pankow.de\/fr\/wp-json\/wp\/v2\/types\/page"}],"author":[{"embeddable":true,"href":"https:\/\/www.freie-schule-pankow.de\/fr\/wp-json\/wp\/v2\/users\/1"}],"replies":[{"embeddable":true,"href":"https:\/\/www.freie-schule-pankow.de\/fr\/wp-json\/wp\/v2\/comments?post=65"}],"version-history":[{"count":34,"href":"https:\/\/www.freie-schule-pankow.de\/fr\/wp-json\/wp\/v2\/pages\/65\/revisions"}],"predecessor-version":[{"id":2970,"href":"https:\/\/www.freie-schule-pankow.de\/fr\/wp-json\/wp\/v2\/pages\/65\/revisions\/2970"}],"up":[{"embeddable":true,"href":"https:\/\/www.freie-schule-pankow.de\/fr\/wp-json\/wp\/v2\/pages\/29"}],"wp:attachment":[{"href":"https:\/\/www.freie-schule-pankow.de\/fr\/wp-json\/wp\/v2\/media?parent=65"}],"curies":[{"name":"wp","href":"https:\/\/api.w.org\/{rel}","templated":true}]}}