{"id":29,"date":"2012-09-05T14:17:02","date_gmt":"2012-09-05T12:17:02","guid":{"rendered":"http:\/\/freie-schule-pankow.de\/?page_id=29"},"modified":"2026-03-11T16:52:39","modified_gmt":"2026-03-11T14:52:39","slug":"aktivitaten","status":"publish","type":"page","link":"https:\/\/www.freie-schule-pankow.de\/fr\/aktivitaten\/","title":{"rendered":"Aktivit\u00e4ten"},"content":{"rendered":"\n<div class=\"wp-block-columns is-layout-flex wp-container-core-columns-is-layout-9d6595d7 wp-block-columns-is-layout-flex\">\n<div class=\"wp-block-column is-layout-flow wp-block-column-is-layout-flow\">\n<p>In unserer Schule werden eine Vielzahl von Aktivit\u00e4ten angeboten: Manche finden regelm\u00e4\u00dfig Woche f\u00fcr Woche statt, manche in \u00fcber einige Monate w\u00f6chentlich wiederkehrenden Werkst\u00e4tten, wiederum andere innerhalb unserer 4x j\u00e4hrlich durchgef\u00fchrten intensiven Projektwochen.<\/p>\n<\/div>\n\n\n\n<div class=\"wp-block-column is-layout-flow wp-block-column-is-layout-flow\">\n<figure class=\"wp-block-image size-full is-style-default\"><a href=\"https:\/\/www.freie-schule-pankow.de\/wp-content\/uploads\/T\u00f6nernes-e1609517302682.jpg\"><img loading=\"lazy\" decoding=\"async\" width=\"225\" height=\"150\" src=\"https:\/\/www.freie-schule-pankow.de\/wp-content\/uploads\/T\u00f6nernes-e1609517302682.jpg\" alt=\"\" class=\"wp-image-269\"\/><\/a><\/figure>\n<\/div>\n<\/div>\n\n\n\n<p>Dar\u00fcber hinaus laden in unserer Schule viele stets offen zur Verf\u00fcgung stehende R\u00e4ume, Orte und Materialien sowieso rund um die Uhr zur kreativen Auseinandersetzung ein.<\/p>\n","protected":false},"excerpt":{"rendered":"<p>In unserer Schule werden eine Vielzahl von Aktivit\u00e4ten angeboten: Manche finden regelm\u00e4\u00dfig Woche f\u00fcr Woche statt, manche in \u00fcber einige Monate w\u00f6chentlich wiederkehrenden Werkst\u00e4tten, wiederum andere innerhalb unserer 4x j\u00e4hrlich durchgef\u00fchrten intensiven Projektwochen. Dar\u00fcber hinaus laden in unserer Schule viele stets offen zur Verf\u00fcgung stehende<\/p>\n","protected":false},"author":1,"featured_media":0,"parent":0,"menu_order":0,"comment_status":"closed","ping_status":"open","template":"","meta":{"footnotes":""},"class_list":["post-29","page","type-page","status-publish","hentry"],"translation":{"provider":"WPGlobus","version":"3.0.2","language":"fr","enabled_languages":["de","gb","es","fr"],"languages":{"de":{"title":true,"content":true,"excerpt":false},"gb":{"title":false,"content":false,"excerpt":false},"es":{"title":false,"content":false,"excerpt":false},"fr":{"title":false,"content":false,"excerpt":false}}},"_links":{"self":[{"href":"https:\/\/www.freie-schule-pankow.de\/fr\/wp-json\/wp\/v2\/pages\/29","targetHints":{"allow":["GET"]}}],"collection":[{"href":"https:\/\/www.freie-schule-pankow.de\/fr\/wp-json\/wp\/v2\/pages"}],"about":[{"href":"https:\/\/www.freie-schule-pankow.de\/fr\/wp-json\/wp\/v2\/types\/page"}],"author":[{"embeddable":true,"href":"https:\/\/www.freie-schule-pankow.de\/fr\/wp-json\/wp\/v2\/users\/1"}],"replies":[{"embeddable":true,"href":"https:\/\/www.freie-schule-pankow.de\/fr\/wp-json\/wp\/v2\/comments?post=29"}],"version-history":[{"count":11,"href":"https:\/\/www.freie-schule-pankow.de\/fr\/wp-json\/wp\/v2\/pages\/29\/revisions"}],"predecessor-version":[{"id":2483,"href":"https:\/\/www.freie-schule-pankow.de\/fr\/wp-json\/wp\/v2\/pages\/29\/revisions\/2483"}],"wp:attachment":[{"href":"https:\/\/www.freie-schule-pankow.de\/fr\/wp-json\/wp\/v2\/media?parent=29"}],"curies":[{"name":"wp","href":"https:\/\/api.w.org\/{rel}","templated":true}]}}