{"id":2,"date":"2012-09-05T06:48:17","date_gmt":"2012-09-05T06:48:17","guid":{"rendered":"http:\/\/freie-schule-pankow.de\/?page_id=2"},"modified":"2026-03-11T16:52:39","modified_gmt":"2026-03-11T14:52:39","slug":"beispiel-seite","status":"publish","type":"page","link":"https:\/\/www.freie-schule-pankow.de\/fr\/beispiel-seite\/","title":{"rendered":"Elternmitarbeit"},"content":{"rendered":"<h5>Unsere Elterninitiativschule lebt von der Mitarbeit der Eltern.<\/h5>\n<p align=\"justify\">Die Eltern k\u00f6nnen sich mit <strong>Angeboten<\/strong> f\u00fcr die Kinder <strong>in den Schulalltag einbringen<\/strong>. Sie sind bei <strong>Aktivit\u00e4ten<\/strong> wie dem Tag der offenen T\u00fcr, dem Sommerfest, der Weihnachtsfeier und dem Trommelfest Rakatak aktiv dabei,.. . Diese verl\u00e4ssliche Mitarbeit \u00fcber die ganze Schulzeit hin ist wichtig und fruchtbar f\u00fcr die Entwicklung unserer Schule.<\/p>\n<p>Um das Schulleben bunt zu gestalten und unsere Gemeinschaft lebendig zu erhalten, gibt es die <strong>unterschiedlichsten Elterngruppen<\/strong>, wie z.B. die Partygruppe, die Neuaufnahmegruppe, die \u00d6ffentlichkeitsgruppe, die Gartengruppe, die Baugruppe, die L\u00e4usegruppe, die Fundraising-Gruppe,\u2026. Elterngruppen werden je nach Bedarf und Ambition auch neu gegr\u00fcndet oder aufgel\u00f6st.<\/p>\n<p>Der <strong>Vorstand unserer Schule<\/strong> besteht zur H\u00e4lfte aus Eltern.<\/p>\n<p>Besonders wichtig ist uns ein <strong>gutes Klima an der Schule<\/strong> und eine <strong>intensive Kommunikation<\/strong> zwischen Eltern und p\u00e4dagogischem Team ebenso wie innerhalb der Elternschaft. Dazu besteht unter anderem die M\u00f6glichkeit auf den stattfindenden Elternabenden, bei regelm\u00e4\u00dfigen Einzelgespr\u00e4chen mit den Teamer*innen, bei Abenden zu p\u00e4dagogischen Themen, bei von Eltern gestalteten Caf\u00e9s und thematischen Gespr\u00e4chsrunden, bei Festen, zwischendurch auch mal beim Bringen oder Abholen der Kinder.<\/p>\n<p>Zweimal pro Schuljahr finden gro\u00dfe gemeinschaftliche <strong>Putzeins\u00e4tze<\/strong> am Wochenende statt. Mit anderthalb Stunden Arbeitszeit pro Elternteil tragen Eltern und Sch\u00fcler*innen aktiv zu einer sch\u00f6neren und sauberen Schule bei. Alternativ kann jede Familie an einem zweiten Samstag im Monat (ZweSaMo) in einer Au\u00dfenputzgruppe t\u00e4tig sein und sich um unser Au\u00dfengel\u00e4nde k\u00fcmmern.<\/p>\n<p>Neu an unsere Schule kommende Familien bekommen auf Wunsch <strong>Pateneltern<\/strong>, die beim Zurechtfinden helfen k\u00f6nnen, wenn Abl\u00e4ufe, Begriffe und Gewohnheiten noch fremd sind.<br \/>\nErste Hilfe bietet auch unsere Brosch\u00fcre &#8220;<a title=\"Brosch\u00fcre FSP A-Z\" href=\"http:\/\/freie-schule-pankow.de\/wp-content\/uploads\/FSP_A-Z.pdf\" target=\"_blank\" rel=\"noopener\">A-Z der Freien Schule Pankow<\/a>&#8221; (pdf).<\/p>\n<h5>Alle Eltern sind aufgerufen, sich nach ihren Interessen und M\u00f6glichkeiten zu engagieren.<\/h5>\n","protected":false},"excerpt":{"rendered":"<p>Unsere Elterninitiativschule lebt von der Mitarbeit der Eltern. Die Eltern k\u00f6nnen sich mit Angeboten f\u00fcr die Kinder in den Schulalltag einbringen. Sie sind bei Aktivit\u00e4ten wie dem Tag der offenen T\u00fcr, dem Sommerfest, der Weihnachtsfeier und dem Trommelfest Rakatak aktiv dabei,.. . Diese verl\u00e4ssliche Mitarbeit<\/p>\n","protected":false},"author":1,"featured_media":0,"parent":0,"menu_order":0,"comment_status":"closed","ping_status":"open","template":"","meta":{"footnotes":""},"class_list":["post-2","page","type-page","status-publish","hentry"],"translation":{"provider":"WPGlobus","version":"3.0.2","language":"fr","enabled_languages":["de","gb","es","fr"],"languages":{"de":{"title":true,"content":true,"excerpt":false},"gb":{"title":false,"content":false,"excerpt":false},"es":{"title":false,"content":false,"excerpt":false},"fr":{"title":false,"content":false,"excerpt":false}}},"_links":{"self":[{"href":"https:\/\/www.freie-schule-pankow.de\/fr\/wp-json\/wp\/v2\/pages\/2","targetHints":{"allow":["GET"]}}],"collection":[{"href":"https:\/\/www.freie-schule-pankow.de\/fr\/wp-json\/wp\/v2\/pages"}],"about":[{"href":"https:\/\/www.freie-schule-pankow.de\/fr\/wp-json\/wp\/v2\/types\/page"}],"author":[{"embeddable":true,"href":"https:\/\/www.freie-schule-pankow.de\/fr\/wp-json\/wp\/v2\/users\/1"}],"replies":[{"embeddable":true,"href":"https:\/\/www.freie-schule-pankow.de\/fr\/wp-json\/wp\/v2\/comments?post=2"}],"version-history":[{"count":43,"href":"https:\/\/www.freie-schule-pankow.de\/fr\/wp-json\/wp\/v2\/pages\/2\/revisions"}],"predecessor-version":[{"id":2814,"href":"https:\/\/www.freie-schule-pankow.de\/fr\/wp-json\/wp\/v2\/pages\/2\/revisions\/2814"}],"wp:attachment":[{"href":"https:\/\/www.freie-schule-pankow.de\/fr\/wp-json\/wp\/v2\/media?parent=2"}],"curies":[{"name":"wp","href":"https:\/\/api.w.org\/{rel}","templated":true}]}}