{"id":1553,"date":"2015-03-11T18:07:06","date_gmt":"2015-03-11T16:07:06","guid":{"rendered":"http:\/\/freie-schule-pankow.de\/?page_id=1553"},"modified":"2026-03-11T16:52:39","modified_gmt":"2026-03-11T14:52:39","slug":"schulplaetze","status":"publish","type":"page","link":"https:\/\/www.freie-schule-pankow.de\/fr\/willkommen\/schulplaetze\/","title":{"rendered":"Schulpl\u00e4tze"},"content":{"rendered":"\n<h2 class=\"wp-block-heading\"><\/h2>\n\n\n<h4>\u00a0<\/h4>\n<h4>Bewerbung 1. Klasse\u00a0<\/h4>\n<p>Die Bewerbung f\u00fcr die 1.Klasse beginnen immer im Schuljahr vor der Einschulung. Ihr k\u00f6nnt uns eure <a href=\"\/Aufnahmeverfahren\">Bewerbungsunterlagen<\/a> bis zum 15.November per Mail an das <a href=\"mailto:info@freie-schule-pankow.de\">B\u00fcro<\/a> schicken. Wir sichten dann alle Bewerbungen und geben euch sp\u00e4testens Anfang Dezember Bescheid. In den Wochen vor den Weihnachtsferien finden dann Kennenlerngespr\u00e4che statt. Wenn wir euch einen Schulplatz anbieten k\u00f6nnen, wird es im Januar und Februar Kennenlerntage geben, bei denen eure Kinder drei Tage in unseren Alltag schnuppern k\u00f6nnen.<br \/>Wir empfehlen, unseren Tag der offenen T\u00fcr im Herbst (aktuelles Datum steht ab Anfang September unter Termine) zu nutzen, um einen ersten Eindruck von der Schule zu bekommen.<\/p>\n<h4>Bewerbung 7. Klasse\u00a0<\/h4>\n<p>Da die meisten unserer Kinder aus der Grundschule bei uns bleiben, gibt es nur sehr wenige freie Pl\u00e4tze. Die genaue Anzahl wissen wir erst zum Infoabend (genaues Datum findet ihr ab Anfang September unter Termine). Bitte beachtet unbedingt unsere Hinweise unter <a href=\"\/aufnahmeverfahren\">Aufnahmeverfahren<\/a>.<\/p>\n<h4>Freie Schulpl\u00e4tze f\u00fcr Quereinsteigerkinder in der Grundschule und der Sek 1:<\/h4>\n<div align=\"justify\">\n<p>Je nach freien Kapazit\u00e4ten ist es bei uns grunds\u00e4tzlich zu jedem Zeitpunkt im Schuljahr m\u00f6glich, als Quereinsteiger*in in die Schule zu kommen. <strong>Aktuell<\/strong> <strong>haben wir wenige freie Pl\u00e4tze<\/strong>. Wir nehmen euer Kind jedoch auf alle F\u00e4lle gern auf die Warteliste (Anmeldung Warteliste siehe <a href=\"\/aufnahmeverfahren\">Aufnahmeverfahren<\/a>)<\/p>\n<p>Wir w\u00fcnschen uns, dass ihr euch vor einer etwaigen Bewerbung gut mit unserem <a title=\"Schulkonzept\" href=\"http:\/\/freie-schule-pankow.de\/bildungsverstandnis\/schulkonzept\/\" target=\"_blank\" rel=\"noopener noreferrer\">Konzept<\/a> auseinandersetzt. Der Quereinstieg besteht aus einem Gespr\u00e4ch und Probetagen. Wir machen Gespr\u00e4che nur, wenn wir euch theoretisch einen Platz anbieten k\u00f6nnen. Bitte seht von Anfragen zu Hospitationstagen etc. ab. Wer die Schule im Vorfeld schon kennenlernen m\u00f6chte, ist herzlich zu unserem <a href=\"https:\/\/www.freie-schule-pankow.de\/termine\/\">Tag der offenen T\u00fcr<\/a> und dem Infoabend eingeladen.<\/p>\n<\/div>","protected":false},"excerpt":{"rendered":"<p>\u00a0 Bewerbung 1. Klasse\u00a0 Die Bewerbung f\u00fcr die 1.Klasse beginnen immer im Schuljahr vor der Einschulung. Ihr k\u00f6nnt uns eure Bewerbungsunterlagen bis zum 15.November per Mail an das B\u00fcro schicken. Wir sichten dann alle Bewerbungen und geben euch sp\u00e4testens Anfang Dezember Bescheid. In den Wochen<\/p>\n","protected":false},"author":1,"featured_media":0,"parent":27,"menu_order":0,"comment_status":"closed","ping_status":"closed","template":"","meta":{"footnotes":""},"class_list":["post-1553","page","type-page","status-publish","hentry"],"translation":{"provider":"WPGlobus","version":"3.0.2","language":"fr","enabled_languages":["de","gb","es","fr"],"languages":{"de":{"title":true,"content":true,"excerpt":false},"gb":{"title":false,"content":false,"excerpt":false},"es":{"title":false,"content":false,"excerpt":false},"fr":{"title":false,"content":false,"excerpt":false}}},"_links":{"self":[{"href":"https:\/\/www.freie-schule-pankow.de\/fr\/wp-json\/wp\/v2\/pages\/1553","targetHints":{"allow":["GET"]}}],"collection":[{"href":"https:\/\/www.freie-schule-pankow.de\/fr\/wp-json\/wp\/v2\/pages"}],"about":[{"href":"https:\/\/www.freie-schule-pankow.de\/fr\/wp-json\/wp\/v2\/types\/page"}],"author":[{"embeddable":true,"href":"https:\/\/www.freie-schule-pankow.de\/fr\/wp-json\/wp\/v2\/users\/1"}],"replies":[{"embeddable":true,"href":"https:\/\/www.freie-schule-pankow.de\/fr\/wp-json\/wp\/v2\/comments?post=1553"}],"version-history":[{"count":61,"href":"https:\/\/www.freie-schule-pankow.de\/fr\/wp-json\/wp\/v2\/pages\/1553\/revisions"}],"predecessor-version":[{"id":3070,"href":"https:\/\/www.freie-schule-pankow.de\/fr\/wp-json\/wp\/v2\/pages\/1553\/revisions\/3070"}],"up":[{"embeddable":true,"href":"https:\/\/www.freie-schule-pankow.de\/fr\/wp-json\/wp\/v2\/pages\/27"}],"wp:attachment":[{"href":"https:\/\/www.freie-schule-pankow.de\/fr\/wp-json\/wp\/v2\/media?parent=1553"}],"curies":[{"name":"wp","href":"https:\/\/api.w.org\/{rel}","templated":true}]}}