{"id":1555,"date":"2015-03-11T18:08:16","date_gmt":"2015-03-11T16:08:16","guid":{"rendered":"http:\/\/freie-schule-pankow.de\/?page_id=1555"},"modified":"2026-03-11T16:52:39","modified_gmt":"2026-03-11T14:52:39","slug":"arbeiten-an-der-fsp","status":"publish","type":"page","link":"https:\/\/www.freie-schule-pankow.de\/es\/willkommen\/arbeiten-an-der-fsp\/","title":{"rendered":"Arbeiten an der FSP"},"content":{"rendered":"\n<div align=\"justify\">&nbsp;<\/div>\n\n\n\n<div align=\"justify\">&nbsp;<\/div>\n\n\n\n<div align=\"justify\">\n<h2>Lernbegleiter*in Deutsch<\/h2>\n<h4>Wir suchen ab 1.8.26 (eventuell fr\u00fcher) eine*n Lernbegleiter*in Deutsch (Teilzeit 75%) f\u00fcr die SEK1 (8.-10. Klasse).<\/h4>\n<p><strong>Was wir uns w\u00fcnschen:<\/strong><\/p>\n<p>&#8211; Studium (Master, Magister, Diplom) Germanistik, Deutsch o.\u00e4. (must have) <\/p>\n<p>&#8211; \u00dcbereinstimmung mit den p\u00e4dagogischen Grunds\u00e4tzen der Schule (must have)<\/p>\n<p>&#8211; Bereitschaft, Deutsch-BBR- und MSA-Pr\u00fcfung vorzubereiten und durchzuf\u00fchren<\/p>\n<p>&#8211; Bereitschaft ein weiteres Fach zu unterrichten<\/p>\n<p>&#8211; Einbringen au\u00dfercurricularer F\u00e4higkeiten in die Schule<\/p>\n<p>&#8211; Interesse an Projektarbeit<\/p>\n<p>&#8211; Erfahrung in der Arbeit mit Kindern, Jugendlichen und Eltern<\/p>\n<p>&#8211; Gr\u00fcndlichkeit, hohe Selbstst\u00e4ndigkeit und Verl\u00e4sslichkeit<\/p>\n<p>&#8211; Interesse an der Zusammenarbeit innerhalb einer selbstverwalteten Schule<\/p>\n<p>&#8211; Humor und \u00fcber den Tellerrand schauen<\/p>\n<p>&#8211; Stressresistenz, Teamgeist und Verantwortungsbewusstsein<\/p>\n<p>&#8211; muttersprachliche Deutschkenntnisse <\/>\n<p><strong>Was wir bieten:<\/strong><\/p>\n<p>&#8211; nettes Team<\/p>\n<p>&#8211; hierarchiefreies Arbeiten<\/p>\n<p>&#8211; M\u00f6glichkeiten zur Mitgestaltung der Schule<\/p>\n<p>&#8211; Gestaltungsspielraum f\u00fcr die Umsetzung der Arbeit<\/p>\n<p>&#8211; diskriminierungsarme Umgebung<\/p>\n<p>&#8211; linux-basierte IT<\/p>\n<p>&#8211; einheitlicher Lohn mit Bezahlung nach Haustarif<\/p>\n<p>&#8211; Zuschuss zum \u00d6PNV-Ticket<\/p>\n<p>&#8211; monatlicher Sachgutschein<\/p>\n<p>&#8211; pers\u00f6nliches Weiterbildungsbudget<\/p>\n<p>&#8211; bio-fairtrade Tee und Kaffee<\/p>\n<p>Du wirst Teil des 030 werden. Zu viert begleitet ihr ca. 30 junge Menschen zwischen 13 und 17 Jahren zum ersten Schulabschluss. Du bietest Unterricht in Deutsch an und gern in einem weiteren Fach. Du bist als Bezugsteamer*in verantwortlich f\u00fcr \u00abdeine\u00bb Sch\u00fcler*innen. Gemeinsam mit deinem Kleinteam entwickelst du Wochen- und Jahrespl\u00e4ne. Dar\u00fcber hinaus kannst du in Werkst\u00e4tten oder Projektwochen deine Fertigkeiten an Sch\u00fcler*innen aller Altersstufen weitergeben. \nDu kannst auch mit Hektik umgehen. Dir ist es wichtig eine gute und vertrauensvolle Beziehung zu den Sch\u00fcler*innen aufzubauen. Freiwilligkeit im Lernprozess und demokratische Entscheidungsfindungen schrecken dich nicht ab. Ein wertsch\u00e4tzender Umgang sowohl mit den Kindern und Jugendlichen als auch den Eltern und den Teamer*innen ist essentiell f\u00fcr dich. Selbstverwaltung siehst du nicht nur als Herausforderung sondern als Chance und Geschenk. In den w\u00f6chentlichen Teamsitzungen bringst du deine Ideen und Expertise ein. Der Alltag ist spannend und herausfordernd, l\u00e4sst aber viel Platz f\u00fcr Mitbestimmung.<\/p>\n<p>Wenn sich das gut f\u00fcr dich anh\u00f6rt, dann freuen wir uns auf deine Bewerbung. Wir wertsch\u00e4tzen Vielfalt und sehen jede*n Bewerber*in unabh\u00e4ngig von Ethnie, sexueller Orientierung, Religion oder sozialer Herkunft als Bereicherung f\u00fcr unser Team an. Wir freuen uns besonders auf Bewerbungen von People of Color, FLINTA* und\/oder von Behinderung betroffenen Menschen.<\/p>\n<p>Bitte sende deine Bewerbung mit Lebenslauf (ohne Foto) und 1-2 relevanten Zeugnissen an <a href=\"mailto:info@freie-schule-pankow.de\">info@freie-schule-pankow.de<\/a><\/p>\n<\/div>\n<div align=\"justify\">&nbsp;<\/div>\n\n<div align=\"justify\">\n<h2>Minijob Sonderp\u00e4dagogik<\/h2>\n<h4>Wir suchen ab 1.8.26 (eventuell fr\u00fcher) eine*n Minijobber*in Sonderp\u00e4dagogik (ca. 4 bis 5 Stunden in der Schulzeit) f\u00fcr die Grundschule (1.-3. Klasse).<\/h4>\n<p><strong>Was wir uns w\u00fcnschen:<\/strong><\/p>\n<p>&#8211; Studium (Master, Magister, Diplom) Sonderp\u00e4dagogik o.\u00e4. &#8211; du kannst auch noch studieren (must have) <\/p>\n<p>&#8211; \u00dcbereinstimmung mit den p\u00e4dagogischen Grunds\u00e4tzen der Schule (must have)<\/p>\n<p>&#8211; Erfahrung in der Arbeit mit Kindern<\/p>\n<p>&#8211; Gr\u00fcndlichkeit, hohe Selbstst\u00e4ndigkeit und Verl\u00e4sslichkeit<\/p>\n<p>&#8211; Humor und \u00fcber den Tellerrand schauen<\/p>\n<p>&#8211; Stressresistenz, Teamgeist und Verantwortungsbewusstsein<\/p>\n<p>&#8211; muttersprachliche Deutschkenntnisse <\/>\n<p><strong>Was wir bieten:<\/strong><\/p>\n<p>&#8211; nettes Team<\/p>\n<p>&#8211; hierarchiefreies Arbeiten<\/p>\n<p>&#8211; Gestaltungsspielraum f\u00fcr die Umsetzung der Arbeit<\/p>\n<p>&#8211; diskriminierungsarme Umgebung<\/p>\n<p>&#8211; einheitlicher Lohn mit Bezahlung nach Haustarif<\/p>\n<p>&#8211; bio-fairtrade Tee und Kaffee<\/p>\n<p>Du wirst in erster Linie die ganz Kleinen unterst\u00fctzen. Daf\u00fcr bist du an mindestens zwei Tagen pro Woche hier vor Ort und bietest F\u00f6rderunterricht an. Dabei ist es wichtig, dass auch hier Freiwilligkeit und Selbstbestimmung die S\u00e4ulen des Lernprozesses sind. Du bekommst Unterst\u00fctzung von uns, hast aber in der Gestaltung deiner Aufgaben freien Raum. Ein wertsch\u00e4tzender Umgang sowohl mit den Kindern als auch den Teamer*innen ist essentiell. <\/p>\n<p>Wenn sich das gut f\u00fcr dich anh\u00f6rt, dann freuen wir uns auf deine Bewerbung. Wir wertsch\u00e4tzen Vielfalt und sehen jede*n Bewerber*in unabh\u00e4ngig von Ethnie, sexueller Orientierung, Religion oder sozialer Herkunft als Bereicherung f\u00fcr unser Team an. Wir freuen uns besonders auf Bewerbungen von People of Color, FLINTA* und\/oder von Behinderung betroffenen Menschen.<\/p>\n<p>Bitte sende deine Bewerbung mit Lebenslauf (ohne Foto) und 1-2 relevanten Zeugnissen an <a href=\"mailto:info@freie-schule-pankow.de\">info@freie-schule-pankow.de<\/a><\/p>\n<\/div>\n<div align=\"justify\">&nbsp;<\/div>\n\n\n\n<h4 class=\"wp-block-heading\"><strong>FSJ-Stellen<\/strong><\/h4>\n\n\n\n<div align=\"justify\">&nbsp;<\/div>\n\n\n\n<div align=\"justify\">Wer gerne bei uns mitmachen m\u00f6chte, melde sich bei uns oder der<a href=\"https:\/\/fsj-berlin.ijgd.de\/\"> ijgd<\/a>. F\u00fcr das Schuljahr 2026\/27 haben wir zwei freie Stellen.<\/div>\n\n\n\n<div align=\"justify\">&nbsp;<\/div>\n\n\n\n<div align=\"justify\">\n<h5>Initiativbewerbungen f\u00fcr Projektmitarbeit, Hospitationen und Praktika<\/h5>\n<\/div>\n\n\n\n<div align=\"justify\">\n<p>Wir sind f\u00fcr Initiativbewerbungen offen, insbesondere auch f\u00fcr Projektangebote im Rahmen unserer mehrw\u00f6chigen Mittwochs-Werkst\u00e4tten. Hierf\u00fcr freuen wir uns auf Bewerber*innen, die sich mit den Lehrzielen und dem Bildungsverst\u00e4ndnis der Freien Schule Pankow identifizieren k\u00f6nnen. Ein Lehramtsabschluss ist f\u00fcr Projektangebote je nach Thema nicht zwingend erforderlich, ihr solltet jedoch zus\u00e4tzlich zum angebotenen Themenschwerpunkt m\u00f6glichst nachweisliche Erfahrung im (au\u00dfer-)schulischen Bildungsbereich haben.<\/p>\n<p>Bewerbungen nimmt unser <a title=\"Schulb\u00fcro\" href=\"http:\/\/freie-schule-pankow.de\/impressum\/\" target=\" _blank\" rel=\"noopener noreferrer\">Schulb\u00fcro<\/a> per <a href=\"mailto:info@freie-schule-pankow.de\" target=\" _blank\" rel=\"noopener noreferrer\">E-Mail<\/a> oder postalisch entgegen. An Hospitationen und Praktika (mindestens 3 Monate) Interessierte k\u00f6nnen sich ebenfalls digital oder postalisch bei uns im <a title=\"Schulb\u00fcro\" href=\"http:\/\/freie-schule-pankow.de\/impressum\/\" target=\" _blank\" rel=\"noopener noreferrer\">Schulb\u00fcro<\/a> bewerben.<\/p>\n<h4>Wir freuen uns auf euch!<\/h4>\n<\/div>\n","protected":false},"excerpt":{"rendered":"<p>&nbsp; &nbsp; Lernbegleiter*in Deutsch Wir suchen ab 1.8.26 (eventuell fr\u00fcher) eine*n Lernbegleiter*in Deutsch (Teilzeit 75%) f\u00fcr die SEK1 (8.-10. Klasse). Was wir uns w\u00fcnschen: &#8211; Studium (Master, Magister, Diplom) Germanistik, Deutsch o.\u00e4. (must have) &#8211; \u00dcbereinstimmung mit den p\u00e4dagogischen Grunds\u00e4tzen der Schule (must have) &#8211;<\/p>\n","protected":false},"author":1,"featured_media":0,"parent":27,"menu_order":2,"comment_status":"closed","ping_status":"closed","template":"","meta":{"footnotes":""},"class_list":["post-1555","page","type-page","status-publish","hentry"],"translation":{"provider":"WPGlobus","version":"3.0.2","language":"es","enabled_languages":["de","gb","es","fr"],"languages":{"de":{"title":true,"content":true,"excerpt":false},"gb":{"title":false,"content":false,"excerpt":false},"es":{"title":false,"content":false,"excerpt":false},"fr":{"title":false,"content":false,"excerpt":false}}},"_links":{"self":[{"href":"https:\/\/www.freie-schule-pankow.de\/es\/wp-json\/wp\/v2\/pages\/1555","targetHints":{"allow":["GET"]}}],"collection":[{"href":"https:\/\/www.freie-schule-pankow.de\/es\/wp-json\/wp\/v2\/pages"}],"about":[{"href":"https:\/\/www.freie-schule-pankow.de\/es\/wp-json\/wp\/v2\/types\/page"}],"author":[{"embeddable":true,"href":"https:\/\/www.freie-schule-pankow.de\/es\/wp-json\/wp\/v2\/users\/1"}],"replies":[{"embeddable":true,"href":"https:\/\/www.freie-schule-pankow.de\/es\/wp-json\/wp\/v2\/comments?post=1555"}],"version-history":[{"count":103,"href":"https:\/\/www.freie-schule-pankow.de\/es\/wp-json\/wp\/v2\/pages\/1555\/revisions"}],"predecessor-version":[{"id":3094,"href":"https:\/\/www.freie-schule-pankow.de\/es\/wp-json\/wp\/v2\/pages\/1555\/revisions\/3094"}],"up":[{"embeddable":true,"href":"https:\/\/www.freie-schule-pankow.de\/es\/wp-json\/wp\/v2\/pages\/27"}],"wp:attachment":[{"href":"https:\/\/www.freie-schule-pankow.de\/es\/wp-json\/wp\/v2\/media?parent=1555"}],"curies":[{"name":"wp","href":"https:\/\/api.w.org\/{rel}","templated":true}]}}