{"id":112,"date":"2012-09-06T00:12:13","date_gmt":"2012-09-05T22:12:13","guid":{"rendered":"http:\/\/freie-schule-pankow.de\/?page_id=112"},"modified":"2026-03-11T16:52:39","modified_gmt":"2026-03-11T14:52:39","slug":"aufnahmeverfahren","status":"publish","type":"page","link":"https:\/\/www.freie-schule-pankow.de\/es\/aufnahmeverfahren\/","title":{"rendered":"Aufnahmeverfahren"},"content":{"rendered":"<div align=\"justify\">\n<h4>Du m\u00f6chtest an unserer Schule lernen?<br \/>\nIhr m\u00f6chtet euer Kind an unserer Schule anmelden?<\/h4>\n<p>Dann folgt bitte diesen 3 Schritten:<\/p>\n<h5>Schritt 1 (geht von euch aus)<\/h5>\n<p>Nachdem ihr unsere Homepage gelesen und idealerweise auch einen Tag der offenen T\u00fcr bei uns besucht habt, schreibt ihr uns einen Bewerbungsbrief (bitte nicht mehr als eine Seite!). Ihr Eltern beantwortet darin bitte unbedingt folgende <strong>3 Leitfragen<\/strong>:<\/p>\n<p><strong>1) Was w\u00fcnscht ihr euch f\u00fcr euer Kind an unserer Schule?<br \/>\n2) Wieso habt ihr unsere Schule f\u00fcr euer Kind ausgew\u00e4hlt?<br \/>\n3) Welche Lernprozesse k\u00f6nnen auf euch und\/ oder eure Kinder hier an unserer Schule zukommen?<\/strong><\/p>\n<p>Au\u00dferdem haben wir eine Frage NUR an die KINDER:<br \/>\n<strong>Wo und in welchen Momenten hattest du schon mal das Gef\u00fchl, etwas gelernt zu haben?<\/strong><\/p>\n<p>Den Brief schickt ihr dann <a title=\"Impressum\" href=\"http:\/\/freie-schule-pankow.de\/?page_id=36\">per Post oder per E-Mail<\/a> an uns. Wir freuen uns auf eure Bewerbung!<\/p>\n<h4>Bewerbungsfristen<\/h4>\n<p>Anmeldungen <strong>f\u00fcr neue Erstkl\u00e4ssler*innen<\/strong> werden jedes Jahr <strong>ab Schuljahresbeginn bis 15.November<\/strong> angenommen (letztes Kitajahr des Kindes). Abweichende Fristen erfahrt ihr auf der Webseite oder im <a title=\"Schulb\u00fcro\" href=\"http:\/\/freie-schule-pankow.de\/impressum\/\" target=\" _blank\" rel=\"noopener noreferrer\">Schulb\u00fcro<\/a>.<\/p>\n<p>F\u00fcr die <strong>7. Klasse der SEK 1<\/strong> 2026\/27 ist die Frist am 25.1.26 abgelaufen. Gern k\u00f6nnt ihr auch an unserem Infoabend teilnehmen. Bitte meldet euch daf\u00fcr im\u00a0 <a title=\"Schulb\u00fcro\" href=\"http:\/\/freie-schule-pankow.de\/impressum\/\" target=\" _blank\" rel=\"noopener noreferrer\">Schulb\u00fcro<\/a> an.<\/p>\n<p>Alle <strong>Quereinsteiger<\/strong> k\u00f6nnen sich zu jedem Zeitpunkt im Schuljahr bei uns bewerben. Aktuell haben wir keine freien Pl\u00e4tze.<\/p>\n<p>Bevorzugt nehmen wir Kinder auf, deren Familien an einer unserer Informationsveranstaltungen teilgenommen haben. Au\u00dferhalb der genannten Zeiten nehmen wir \u00fcblicherweise nur f\u00fcr Quereinsteiger*innen Anmeldungen an.<\/p>\n<h5>Schritt 2 (geht von uns aus)<\/h5>\n<p>Mit allen Eltern und Kindern, denen wir einen Schulplatz anbieten k\u00f6nnten, f\u00fchren wir Kennlerngespr\u00e4che. Voraussetzung f\u00fcr die Teilnahme am Kennlerngespr\u00e4ch ist, dass wir eine Bewerbung von euch erhalten und euch zum Gespr\u00e4ch eingeladen haben. Es ist m\u00f6glich, dass mehrere Familien zusammen ein Gespr\u00e4ch mit 2 Teammitgliedern haben.<\/p>\n<p>Nach einer Vorauswahl bieten wir den zuk\u00fcnftigen Erstkl\u00e4sslereltern in der ersten Dezemberwoche einen Gespr\u00e4chstermin und gegebenenfalls Kennenlerntage an, siehe Schritt 3.<br \/>\nF\u00fcr unsere Quereinsteiger*innen finden wir nach M\u00f6glichkeit einen kurzfristigen Kennlerntermin, dicht gefolgt von den Kennenlerntagen, siehe Schritt 3.<\/p>\n<h5>Schritt 3 (geht auch von uns aus)<\/h5>\n<\/div>\n<div align=\"justify\"><strong>Kennenlerntage<\/strong><\/div>\n<div align=\"justify\">\n<p>Wenn wir beim Kennlerngespr\u00e4ch das Gef\u00fchl hatten, dass eure und unsere Ideen von Schule \u00fcbereinstimmen, laden wir euer Kinder ein unsere Schule kennenzulernen.<\/p>\n<p>Diese Tage <strong>f\u00fcr Einschulungskinder und zuk\u00fcnftige 7.-Kl\u00e4ssler*innen<\/strong> finden vor der Einschulung und dann zeitgleich f\u00fcr mehrere Kinder statt, um erste Kontakte entstehen zu lassen. Ziel der Kennenlerntage ist es, die Kinder mit der Schule und unserem Tagesablauf vertraut zu machen und auch den Eltern einen tieferen Einblick in unseren Alltag zu gew\u00e4hren. Damit die Gruppe nicht zu gro\u00df wird, gibt es zwei Termine pro Schuljahr.<\/p>\n<p>Die Kennenlerntage <strong>f\u00fcr ein Quereinsteigerkind<\/strong> finden nach kurzfristiger Vereinbarung statt.<\/p>\n<p><strong>Auswertung<\/strong><br \/>\nDie Auswertung der Tage findet zum einen bei uns in der Freien Schule Pankow mit dem Team und unseren Sch\u00fcler*innen und zum anderen nat\u00fcrlich innerhalb der Familie statt. Diese Auswertungsrunden sind Grundlage f\u00fcr die endg\u00fcltige Entscheidung \u00fcber den Schulbesuch: Entscheiden sich alle drei Seiten f\u00fcr den Schulbesuch des Kindes, steht einer Aufnahme nichts mehr im Wege und es wird dann &#8211; auch bei uns &#8211; etwas b\u00fcrokratisch.<\/p>\n<p>Wir freuen uns \u00fcber euer Interesse an unserer Freien Schule Pankow und auf eure Bewerbungen!<\/p>\n<\/div>\n","protected":false},"excerpt":{"rendered":"<p>Du m\u00f6chtest an unserer Schule lernen? Ihr m\u00f6chtet euer Kind an unserer Schule anmelden? Dann folgt bitte diesen 3 Schritten: Schritt 1 (geht von euch aus) Nachdem ihr unsere Homepage gelesen und idealerweise auch einen Tag der offenen T\u00fcr bei uns besucht habt, schreibt ihr<\/p>\n","protected":false},"author":1,"featured_media":0,"parent":0,"menu_order":0,"comment_status":"closed","ping_status":"open","template":"","meta":{"footnotes":""},"class_list":["post-112","page","type-page","status-publish","hentry"],"translation":{"provider":"WPGlobus","version":"3.0.2","language":"es","enabled_languages":["de","gb","es","fr"],"languages":{"de":{"title":true,"content":true,"excerpt":false},"gb":{"title":false,"content":false,"excerpt":false},"es":{"title":false,"content":false,"excerpt":false},"fr":{"title":false,"content":false,"excerpt":false}}},"_links":{"self":[{"href":"https:\/\/www.freie-schule-pankow.de\/es\/wp-json\/wp\/v2\/pages\/112","targetHints":{"allow":["GET"]}}],"collection":[{"href":"https:\/\/www.freie-schule-pankow.de\/es\/wp-json\/wp\/v2\/pages"}],"about":[{"href":"https:\/\/www.freie-schule-pankow.de\/es\/wp-json\/wp\/v2\/types\/page"}],"author":[{"embeddable":true,"href":"https:\/\/www.freie-schule-pankow.de\/es\/wp-json\/wp\/v2\/users\/1"}],"replies":[{"embeddable":true,"href":"https:\/\/www.freie-schule-pankow.de\/es\/wp-json\/wp\/v2\/comments?post=112"}],"version-history":[{"count":50,"href":"https:\/\/www.freie-schule-pankow.de\/es\/wp-json\/wp\/v2\/pages\/112\/revisions"}],"predecessor-version":[{"id":3069,"href":"https:\/\/www.freie-schule-pankow.de\/es\/wp-json\/wp\/v2\/pages\/112\/revisions\/3069"}],"wp:attachment":[{"href":"https:\/\/www.freie-schule-pankow.de\/es\/wp-json\/wp\/v2\/media?parent=112"}],"curies":[{"name":"wp","href":"https:\/\/api.w.org\/{rel}","templated":true}]}}